{"id":1340,"date":"2010-08-08T23:59:03","date_gmt":"2010-08-08T23:59:03","guid":{"rendered":"http:\/\/www.all-for-all.de\/?page_id=1340"},"modified":"2021-09-16T12:11:40","modified_gmt":"2021-09-16T11:11:40","slug":"07-08-2010-ubernahme-der-villa","status":"publish","type":"page","link":"https:\/\/www.all-for-all.de\/?page_id=1340","title":{"rendered":"08.08.2010, \u00dcbernahme der Villa"},"content":{"rendered":"<p>Nach dem ausgiebigen Fr\u00fchst\u00fccksbuffet im Deckside Cafe haben wir unsere Koffer und Taschen gepackt. Wirklich sehr schade, dass hier der Service so schlecht ist&#8230;<\/p>\n<p>Auf dem Weg zum Auto ist uns dann zum ersten Mal so richtig aufgefallen, dass nur die Oceanfront Zimmer eine wirklich gute Lage haben. Alle anderen Zimmer haben entweder &#8222;Parkplatzview&#8220; oder &#8222;Hinterhofview&#8220;. Nicht wirklich ansprechend muss man leider sagen. Die Oceanfront Suites sind jedoch vorbehaltlos zu empfehlen!<\/p>\n<p>Beim checkout kam ein kleiner Schock. Der Betrag auf der Rechnung erschien mir zuerst viel zu hoch. Doch dann fiel mir ein, dass wir w\u00e4hrend unseres Aufenthalts das Essen und die Getr\u00e4nke nicht sofort bezahlt haben, sondern immer auf das Zimmer schreiben liessen. \ud83d\ude09<\/p>\n<p>Vom Outrigger zu unserer Villa ist es ein Katzensprung und nat\u00fcrlich waren wir viel zu fr\u00fch da. Die Haus\u00fcbergabe w\u00e4re um 16:00 Uhr gewesen &#8230; und wir standen bereits um 12:30 Uhr auf der Fu\u00dfmatte. Hmmm &#8230; was tun?<br \/>\nVorsichtig sind wir ums Haus geschlichen und haben versucht durch die Fenster zu erkennen ob vielleicht noch die Vormieter oder die Reinigungstrupps da sind. Wir konnten niemanden sehen. Ich habe die Schl\u00fcsselbox an der Haust\u00fcr mit dem uns zugeschickten Code ge\u00f6ffnet. Der Hausschl\u00fcssel war drin &#8230; also sind wir ins Haus.<br \/>\nDas Haus entsprach genau der Beschreibung. \u00c4lteres Baujahr, vor ein paar Jahren renoviert aber wirklich gut gepflegt und tiptop sauber. Lediglich das Bild im Internet, welches den Abstand zur Cape Coral Bridge darstellen soll, war ein wenig &#8222;vorteilhaft&#8220; aufgenommen. Das Haus liegt schon sehr nahe an der Br\u00fccke. Ich machte mir Gedanken &#8230; hoffentlich h\u00f6ren wir den Verkehr nicht zu sehr. Die Aussicht \u00fcber den River, Richtung Fort Myers, ist jedoch gigantisch. Kein Vergleich zu den vorherigen Villen von welchen wir immer &#8222;nur&#8220; einen Kanal oder einen Lake (wenn man das so nennen mag) gesehen haben.<\/p>\n<p><img loading=\"lazy\" decoding=\"async\" class=\"aligncenter\" title=\"Villa Cape Coral\" src=\"https:\/\/www.all-for-all.de\/wp-content\/uploads\/2010\/10\/DSC01249_klein.jpg\" alt=\"\" width=\"640\" height=\"480\" \/><\/p>\n<p><img loading=\"lazy\" decoding=\"async\" class=\"aligncenter\" title=\"Villa Cape Coral\" src=\"https:\/\/www.all-for-all.de\/wp-content\/uploads\/2010\/10\/DSC01251_klein.jpg\" alt=\"\" width=\"640\" height=\"480\" \/><img loading=\"lazy\" decoding=\"async\" class=\"aligncenter\" title=\"Villa Cape Coral\" src=\"https:\/\/www.all-for-all.de\/wp-content\/uploads\/2010\/10\/DSC01255_klein.jpg\" alt=\"\" width=\"640\" height=\"480\" \/><img loading=\"lazy\" decoding=\"async\" class=\"aligncenter\" title=\"Villa Cape Coral\" src=\"https:\/\/www.all-for-all.de\/wp-content\/uploads\/2010\/10\/DSC00561_klein.jpg\" alt=\"\" width=\"640\" height=\"480\" \/><img loading=\"lazy\" decoding=\"async\" class=\"aligncenter\" title=\"Villa Cape Coral\" src=\"https:\/\/www.all-for-all.de\/wp-content\/uploads\/2010\/10\/DSC00563_klein1.jpg\" alt=\"\" width=\"640\" height=\"480\" \/><img loading=\"lazy\" decoding=\"async\" class=\"aligncenter\" title=\"Villa Cape Coral\" src=\"https:\/\/www.all-for-all.de\/wp-content\/uploads\/2010\/10\/DSC00564_klein.jpg\" alt=\"\" width=\"640\" height=\"480\" \/><img loading=\"lazy\" decoding=\"async\" class=\"aligncenter\" title=\"Villa Cape Coral\" src=\"https:\/\/www.all-for-all.de\/wp-content\/uploads\/2010\/10\/DSC00565_klein.jpg\" alt=\"\" width=\"640\" height=\"480\" \/><img loading=\"lazy\" decoding=\"async\" class=\"aligncenter\" title=\"Villa Cape Coral\" src=\"https:\/\/www.all-for-all.de\/wp-content\/uploads\/2010\/10\/DSC00569_klein.jpg\" alt=\"\" width=\"640\" height=\"480\" \/><img loading=\"lazy\" decoding=\"async\" class=\"aligncenter\" title=\"Villa Cape Coral, Tiki Bar\" src=\"https:\/\/www.all-for-all.de\/wp-content\/uploads\/2010\/10\/DSC00575_klein1.jpg\" alt=\"\" width=\"640\" height=\"480\" \/><img loading=\"lazy\" decoding=\"async\" class=\"aligncenter\" title=\"Villa Cape Coral, am Bootssteg\" src=\"https:\/\/www.all-for-all.de\/wp-content\/uploads\/2010\/10\/DSC00576_klein.jpg\" alt=\"\" width=\"640\" height=\"480\" \/><img loading=\"lazy\" decoding=\"async\" class=\"aligncenter\" title=\"Villa Cape Coral\" src=\"https:\/\/www.all-for-all.de\/wp-content\/uploads\/2010\/10\/DSC00586_klein.jpg\" alt=\"\" width=\"640\" height=\"480\" \/><\/p>\n<p>Wir haben uns nicht gro\u00dfartig eingerichtet, sondern sind gleich wieder los Richtung Publix um uns mit allem N\u00f6tigen f\u00fcr den Aufenthalt im Haus einzudecken. Als wir unsere Eink\u00e4ufe zum Auto tragen wollten brach gerade das Nachmittagsunwetter \u00fcber Cape Coral herein. Guter Zeitpunkt! \ud83d\ude09<\/p>\n<p>Zur\u00fcck am Haus bemerkten wir, dass w\u00e4hrend unseres Einkaufs die Hausverwaltung f\u00fcr die Haus\u00fcbergabe da war. Man hat uns sch\u00f6n ein paar Lichter im Haus sowie die Poolbeleuchtung eingeschaltet und das \u00dcbergabeprotokoll hingelegt. Da haben wir wohl leider jemandem die \u00dcberraschung vermasselt &#8230; Sehr wahrscheinlich werden wir also morgen Besuch bekommen. So bleibt uns wenigstens Zeit in Ruhe etwaige M\u00e4ngel zu entdecken und zu melden.<\/p>\n<p>Das Ergebnis unseres Einkaufs ist sehenswert.<br \/>\n<img loading=\"lazy\" decoding=\"async\" class=\"aligncenter\" title=\"Einkauf bei Publix\" src=\"https:\/\/www.all-for-all.de\/wp-content\/uploads\/2010\/10\/DSC00545_klein.jpg\" alt=\"\" width=\"640\" height=\"480\" \/><img loading=\"lazy\" decoding=\"async\" class=\"aligncenter\" title=\"Einkauf bei Publix\" src=\"https:\/\/www.all-for-all.de\/wp-content\/uploads\/2010\/10\/DSC00549_klein.jpg\" alt=\"\" width=\"640\" height=\"480\" \/><\/p>\n<p><img loading=\"lazy\" decoding=\"async\" class=\"aligncenter\" title=\"Einkauf bei Publix\" src=\"https:\/\/www.all-for-all.de\/wp-content\/uploads\/2010\/10\/DSC00548_klein.jpg\" alt=\"\" width=\"640\" height=\"480\" \/><\/p>\n<p>Am Abend gab es endlich selbstgebaute Burger!<img loading=\"lazy\" decoding=\"async\" class=\"aligncenter\" title=\"Burger Eigenbau\" src=\"https:\/\/www.all-for-all.de\/wp-content\/uploads\/2010\/10\/DSC00611_klein.jpg\" alt=\"\" width=\"640\" height=\"480\" \/><\/p>\n<p>Rein optisch eine glatte 6 &#8230; aber unendlich lecker. \ud83d\ude00<\/p>\n<p>Viele Gr\u00fc\u00dfe<br \/>\nJoa<\/p>\n<p>Zur\u00fcck zu: <a title=\"07.08.2010, beach and shopping (again)\" href=\"https:\/\/www.all-for-all.de\/?page_id=1337\">07.08.2010, beach and shopping (again)<\/a><br \/>\nWeiter zu: <a title=\"09.08.2010, Nichts :-D\" href=\"https:\/\/www.all-for-all.de\/?page_id=1346\">09.08.2010, Nichts \ud83d\ude00<\/a><\/p>\n","protected":false},"excerpt":{"rendered":"<p>Nach dem ausgiebigen Fr\u00fchst\u00fccksbuffet im Deckside Cafe haben wir unsere Koffer und Taschen gepackt. Wirklich sehr schade, dass hier der Service so schlecht ist&#8230; Auf dem Weg zum Auto ist uns dann zum ersten Mal so richtig aufgefallen, dass nur &hellip; <a href=\"https:\/\/www.all-for-all.de\/?page_id=1340\">Weiterlesen <span class=\"meta-nav\">&rarr;<\/span><\/a><\/p>\n","protected":false},"author":2,"featured_media":0,"parent":0,"menu_order":0,"comment_status":"closed","ping_status":"closed","template":"","meta":{"footnotes":""},"class_list":["post-1340","page","type-page","status-publish","hentry"],"jetpack_sharing_enabled":true,"_links":{"self":[{"href":"https:\/\/www.all-for-all.de\/index.php?rest_route=\/wp\/v2\/pages\/1340","targetHints":{"allow":["GET"]}}],"collection":[{"href":"https:\/\/www.all-for-all.de\/index.php?rest_route=\/wp\/v2\/pages"}],"about":[{"href":"https:\/\/www.all-for-all.de\/index.php?rest_route=\/wp\/v2\/types\/page"}],"author":[{"embeddable":true,"href":"https:\/\/www.all-for-all.de\/index.php?rest_route=\/wp\/v2\/users\/2"}],"replies":[{"embeddable":true,"href":"https:\/\/www.all-for-all.de\/index.php?rest_route=%2Fwp%2Fv2%2Fcomments&post=1340"}],"version-history":[{"count":1,"href":"https:\/\/www.all-for-all.de\/index.php?rest_route=\/wp\/v2\/pages\/1340\/revisions"}],"predecessor-version":[{"id":5015,"href":"https:\/\/www.all-for-all.de\/index.php?rest_route=\/wp\/v2\/pages\/1340\/revisions\/5015"}],"wp:attachment":[{"href":"https:\/\/www.all-for-all.de\/index.php?rest_route=%2Fwp%2Fv2%2Fmedia&parent=1340"}],"curies":[{"name":"wp","href":"https:\/\/api.w.org\/{rel}","templated":true}]}}