{"id":1337,"date":"2010-08-07T23:59:03","date_gmt":"2010-08-07T23:59:03","guid":{"rendered":"http:\/\/www.all-for-all.de\/?page_id=1337"},"modified":"2021-09-16T12:10:44","modified_gmt":"2021-09-16T11:10:44","slug":"07-08-2010-beach-and-shopping-again","status":"publish","type":"page","link":"https:\/\/www.all-for-all.de\/?page_id=1337","title":{"rendered":"07.08.2010, beach and shopping (again)"},"content":{"rendered":"<p>Das Fr\u00fchst\u00fccksbuffet im Deckside Cafe ist wirklich gut. Alles dabei was einen gut in den Tag kommen l\u00e4sst. Die Motivation der Bedienungen hat sich allerdings nicht gesteigert.<br \/>\nWenn ihr kein Trinkgeld braucht, dann ist es ja gut &#8230; *kopfsch\u00fcttelt*<\/p>\n<p>Anschliessend sind wir mit dem Auto ein wenig die shops in Fort Myers Beach abgefahren und haben kurz noch die Insel &#8222;Lovers Key&#8220; besucht. In den Buchten und Kan\u00e4len dort leben Manatees. Ohne Boot, vom Ufer aus, ist von den Tieren jedoch nichts zu sehen.<br \/>\n<img loading=\"lazy\" decoding=\"async\" class=\"aligncenter\" title=\"Manatee Zone\" src=\"https:\/\/www.all-for-all.de\/wp-content\/uploads\/2010\/10\/DSC00500_klein2.jpg\" alt=\"Manatee Zone\" width=\"640\" height=\"480\" \/><\/p>\n<p>Uns zog es heute eher ans Meer, deswegen sind wir zur\u00fcck ins Outrigger, haben schnell die Badesachen gepackt und ab an den Strand.<br \/>\nNachdem es uns in den Jahren zuvor jedes Mal am Golf so richtig verbrannt hat (nat\u00fcrlich durch eigene Schuld), wollen wir dieses Mal schlauer sein. Das Outrigger vermietet tageweise Cabanas. Sch\u00f6n mit zwei Liegen und einem Sonnenschirm. So ein Ding muss her!<br \/>\nLeider war das Office trotz &#8222;open&#8220;-Schild nicht besetzt. Also haben wir einfach eine Cabana belegt und sind ab ins Wasser. 32\u00b0C Wassertemperatur sind genau mein Ding!<br \/>\nEs ist schon beinahe unglaublich was im Golf von Mexico schon direkt in Ufern\u00e4he lebt. Wenn man das mit den Atlantikstr\u00e4nden oder dem Mittelmeer vergleicht, ist das der Wahnsinn. In einer handvoll Sand direkt vom Ufer findet man mehr lebende Muscheln und anderes Meeres(klein)getier als an den gesamten Adriastr\u00e4nden. Unter anderem haben wir noch ein paar Sand Dollars, kleine Krabben und einen Seeigel gefunden. Letzterer hat uns wieder an das Schild mit der Stingray Warnung erinnert. Es macht hier wirklich Sinn, Badeschuhe zu tragen!<\/p>\n<p>Irgendwann am sp\u00e4ten Nachmittag, auf den Liegen der Cabana, sch\u00f6n im Schatten des Sonnenschirms, im Halbschlaf, tauchte dann ein nettes \u00e4lteres Ehepaar auf. Sie hatten die Cabana &#8222;ehrlich&#8220; gemietet. Die Leute waren superfreundlich und sagten, dass wir uns nicht beeilen brauchen. Wir haben uns entschuldigt, unseren Kram gepackt und sind auf unser Zimmer gegangen. Sch\u00f6n gem\u00fctlich duschen, noch ein wenig den Weather Channel beobachten und dann wieder ins Deckside Cafe zum Abendessen. Neue Bedienungen &#8230; aber die hatten anscheinend den gleichen Lehrer. Keine Antwort auf unsere Begr\u00fcssung, kein Ton bei der Bestellung oder beim Servieren, kein &#8222;bye&#8220; oder \u00e4hnliches. Vielleicht ist hier ums Eck eine Schule f\u00fcr Taub-Stumme? Naja, mir soll es egal sein wenn das Essen gut ist.<br \/>\nNach einem kleinen Spaziergang sind wir wieder auf unser Zimmer und haben vom Balkon aus den Sonnenuntergang bewundert.<\/p>\n<p>Der Sonnenuntergang an diesem Abend war einer der sch\u00f6nsten bislang. Die Lichtverh\u00e4ltnisse \u00e4nderten sich st\u00e4ndig &#8230;<br \/>\n<img loading=\"lazy\" decoding=\"async\" class=\"aligncenter\" title=\"Sonnenuntergang am Outrigger\" src=\"https:\/\/www.all-for-all.de\/wp-content\/uploads\/2010\/10\/DSC00511_klein.jpg\" alt=\"\" width=\"640\" height=\"480\" \/><img loading=\"lazy\" decoding=\"async\" class=\"aligncenter\" title=\"Sonnenuntergang am Outrigger\" src=\"https:\/\/www.all-for-all.de\/wp-content\/uploads\/2010\/10\/DSC00515_klein.jpg\" alt=\"\" width=\"640\" height=\"480\" \/><img loading=\"lazy\" decoding=\"async\" class=\"aligncenter\" title=\"Sonnenuntergang am Outrigger\" src=\"https:\/\/www.all-for-all.de\/wp-content\/uploads\/2010\/10\/DSC00518_klein.jpg\" alt=\"\" width=\"640\" height=\"480\" \/><img loading=\"lazy\" decoding=\"async\" class=\"aligncenter\" title=\"Sonnenuntergang am Outrigger\" src=\"https:\/\/www.all-for-all.de\/wp-content\/uploads\/2010\/10\/DSC00528_klein.jpg\" alt=\"\" width=\"640\" height=\"480\" \/><\/p>\n<p>Keine Ahnung wann wir ins Bett gegangen sind. Wir freuten uns schon auf unsere Villa am n\u00e4chsten Tag.<\/p>\n<p>Viele Gr\u00fc\u00dfe<br \/>\nJoa<\/p>\n<p>Zur\u00fcck zu: <a title=\"06.08.2010, n\u00e4chstes Ziel: Fort Myers Beach\" href=\"https:\/\/www.all-for-all.de\/?page_id=1333\">06.08.2010, n\u00e4chstes Ziel: Fort Myers Beach<\/a><br \/>\nWeiter zu: <a title=\"08.08.2010, \u00dcbernahme der Villa\" href=\"https:\/\/www.all-for-all.de\/?page_id=1340\">08.08.2010, \u00dcbernahme der Villa<\/a><\/p>\n","protected":false},"excerpt":{"rendered":"<p>Das Fr\u00fchst\u00fccksbuffet im Deckside Cafe ist wirklich gut. Alles dabei was einen gut in den Tag kommen l\u00e4sst. Die Motivation der Bedienungen hat sich allerdings nicht gesteigert. Wenn ihr kein Trinkgeld braucht, dann ist es ja gut &#8230; *kopfsch\u00fcttelt* Anschliessend &hellip; <a href=\"https:\/\/www.all-for-all.de\/?page_id=1337\">Weiterlesen <span class=\"meta-nav\">&rarr;<\/span><\/a><\/p>\n","protected":false},"author":2,"featured_media":0,"parent":0,"menu_order":0,"comment_status":"closed","ping_status":"closed","template":"","meta":{"footnotes":""},"class_list":["post-1337","page","type-page","status-publish","hentry"],"jetpack_sharing_enabled":true,"_links":{"self":[{"href":"https:\/\/www.all-for-all.de\/index.php?rest_route=\/wp\/v2\/pages\/1337","targetHints":{"allow":["GET"]}}],"collection":[{"href":"https:\/\/www.all-for-all.de\/index.php?rest_route=\/wp\/v2\/pages"}],"about":[{"href":"https:\/\/www.all-for-all.de\/index.php?rest_route=\/wp\/v2\/types\/page"}],"author":[{"embeddable":true,"href":"https:\/\/www.all-for-all.de\/index.php?rest_route=\/wp\/v2\/users\/2"}],"replies":[{"embeddable":true,"href":"https:\/\/www.all-for-all.de\/index.php?rest_route=%2Fwp%2Fv2%2Fcomments&post=1337"}],"version-history":[{"count":1,"href":"https:\/\/www.all-for-all.de\/index.php?rest_route=\/wp\/v2\/pages\/1337\/revisions"}],"predecessor-version":[{"id":5014,"href":"https:\/\/www.all-for-all.de\/index.php?rest_route=\/wp\/v2\/pages\/1337\/revisions\/5014"}],"wp:attachment":[{"href":"https:\/\/www.all-for-all.de\/index.php?rest_route=%2Fwp%2Fv2%2Fmedia&parent=1337"}],"curies":[{"name":"wp","href":"https:\/\/api.w.org\/{rel}","templated":true}]}}