{"id":1328,"date":"2010-08-05T23:59:40","date_gmt":"2010-08-05T23:59:40","guid":{"rendered":"http:\/\/www.all-for-all.de\/?page_id=1328"},"modified":"2013-04-14T09:25:35","modified_gmt":"2013-04-14T09:25:35","slug":"05-08-2010-der-tag-an-dem-das-laptop-starb","status":"publish","type":"page","link":"https:\/\/www.all-for-all.de\/?page_id=1328","title":{"rendered":"05.08.2010, der Tag an dem das Laptop starb"},"content":{"rendered":"<p>Ich wollte eigentlich morgens nur schnell Emails checken und nochmals die gestrige Reiseroute ansehen.<br \/> Laptop eingeschaltet und weil das in die Jahre gekommene Ger\u00e4t eine gewisse Zeit ben\u00f6tigt um Windows zu laden, ins Bad gegangen. Als ich wieder heraus kam, war der Bildschirm noch immer dunkel &#8230; Hmmm? Hatte ich das Ger\u00e4t nicht eingeschaltet? Kann nicht sein, ein paar der LEDs leuchten.<br \/> O.K. &#8230; so lange auf dem Einschaltknopf geblieben bis es wieder aus war und nochmals eingeschaltet. Nichts &#8230; Kein gewohntes &#8222;piep&#8220; &#8230; nur die LEDs leuchten und man h\u00f6rt, dass die Festplatte l\u00e4uft. Verfl&#8230;! Das sieht nicht gut aus.<br \/> Alle angeschlossenen USB-Ger\u00e4te abgesteckt, Akku raus, Netzteil weg, ein wenig gewartet und nur das Netzteil angesteckt &#8230; Keine \u00c4nderung. Sieht immer schlechter aus.<br \/> Vielleicht hat es einen der beiden Speicherriegel erwischt. Also versucht, den entsprechenden Deckel unten am Geh\u00e4use zu \u00f6ffnen. Mit dem zur Verf\u00fcgung stehenden Werkzeug (Nagelschere) keine Chance.<br \/> RAHHHHH! Und das im Urlaub, direkt nach dem Aufstehen&#8230;<br \/> Angezogen, ins Auto und zum Home Depot gleich um die Ecke gefahren. Rein, einen Satz Uhrmacherschraubendreher f\u00fcr 5 Dollar gekauft und zur\u00fcck ins Motel. Ger\u00e4t aufgeschraubt und die Speicherriegel getestet. Immer einen raus aus dem Ger\u00e4t und auf unterschiedlichen Speicherb\u00e4nken getestet. <br \/> Nix &#8230; das Ding macht keinen Mucks. Lediglich wenn man gar keinen Speicherriegel einsetzt, meckert das Laptop. Es is also nicht komplett tot. Entweder hat es beide Speicher gleichzeitig erwischt (was ich f\u00fcr sehr unwahrscheinlich halte) oder das Mainboard ist hin\u00fcber. Das sind Momente in denen ich aufpassen muss, dass sich meine Faust nicht mit Schwung einen Weg durch das Display sucht. Nicht aufregen im Urlaub &#8230; Laptop ins Eck geknallt und versucht nicht mehr daran zu denken.<\/p>\n<p>Wir haben beschlossen, heute in das Outlet Center nach Ellenton zu fahren. Vorher schnell zu Dennys schr\u00e4g gegen\u00fcber und richtig sch\u00f6n gefr\u00fchst\u00fcckt.<\/p>\n<p>Nach dem Fr\u00fchst\u00fcck haben wir unser Zimmer um eine weitere Nacht verl\u00e4ngert, sind direkt in die Mall gefahren und dort ausgiebig durch die Shops geschlendert. Keine Ahnung warum aber irgendwie waren wir nicht in Kauflaune. Nichts hat uns wirklich gefallen. Nach etwa drei Stunden sind wir ohne Einkaufst\u00fcten wieder abgefahren.<\/p>\n<p>Da war doch noch was &#8230; achja, das Laptop!<br \/> Die Zeit w\u00e4hrend der Rundfahrt ohne Laptop ginge ja noch. Aber die andere H\u00e4lfte des Urlaubs in der Villa? Da muss eins her!<br \/> Wir sind also in das n\u00e4chste Walmart Supercenter in die Computerabteilung gegangen. Dort standen ein paar g\u00fcnstige Ger\u00e4te. F\u00fcr Internet, Office und ein paar Urlaubsbilder v\u00f6llig ausreichend.<br \/> Die Wahl fiel auf ein Toshiba. 15,4&#8243; Display, 2GB RAM, 200GB HDU und Windows 7 Home Premium. Ohne Tax sollte das Ger\u00e4t 399 Dollar kosten. Also bem\u00fchten wir einen Angestellten. Dieser holte uns ein original verpacktes Ger\u00e4t aus dem abgeschlossenen Gitterschrank, lief mit uns zur Kasse f\u00fcr Unterhaltungsartikel und bat um eine Kreditkarte.<br \/> Karte durch den Schlitz gezogen und &#8230; &#8222;Transaktion verweigert&#8220; &#8230;??? Was zur H\u00f6lle &#8230;?<br \/> Na gut, andere Kreditkarte genommen, durchgezogen &#8230; &#8222;Transaktion verweigert&#8220;.<br \/> Wir haben es mehrfach mit unseren Karten versucht. Keine Chance. Bargeld in dieser H\u00f6he hatten wir nicht dabei. Also wanderte das Laptop wieder in den Gitterschrank und wir trotteten davon.<br \/> Die Gedanken wanderten &#8230;. haben wir unser Limit \u00fcberzogen? Kann doch nicht sein. Meine Karte ist mehr als ausreichend gedeckt. Wurden unsere Konten leerger\u00e4umt? Oder ist einfach nur der Gesamtbetrag zu hoch? Ein Einkauf mit der Kreditkarte in dieser H\u00f6he ist doch nichts Besonderes?<br \/> Irgendeine Kleinigkeit ist dann in diesem Walmart noch in unseren Einkaufswagen geh\u00fcpft. Gesamtbetrag an der Kasse: 10,irgendwas Dollar. Kreditkarte durchgezogen &#8230; &#8222;Transaktion verweigert&#8220;.<br \/> Ach du sch&#8230;! Jetzt \u00fcberkam uns aber ein echt ungutes Gef\u00fchl. Die Ware mit Bargeld bezahlt, raus ins Auto und mit dem Handy die Mastercard Hotline angerufen. Die Nummer habe ich seit Ewigkeiten im Handy gespeichert.<br \/> &#8222;Die Nummer hat sich ge\u00e4ndert. Bitte w\u00e4hlen Sie &#8230;&#8220; Nett, dass die neue Nummer genau einmal angesagt wurde und wir nichts zum Schreiben parat hatten. Langsam bekomme ich Schaum vor dem Mund.<br \/> Zettel und Kugelschreiber besorgt, erneut angerufen und Nummer notiert. Neue Nummer gew\u00e4hlt.<br \/> &#8222;Willkommen bei Mastercard. Zu blabla-Zwecken wird Ihr Gespr\u00e4ch aufgezeichnet. Falls Sie das nicht w\u00fcnschen &#8230; blablabla. Leider sind im Moment alle Mitarbeiter in einem Gespr\u00e4ch. Bitte bleiben Sie in der Leitung. Sie werden mit dem n\u00e4chsten verf\u00fcgbaren Mitarbeiter verbunden&#8220;. Nach gef\u00fchlten drei Stunden hat sich das Gespr\u00e4ch dann automatisch beendet.<br \/> Gaaaaaanz langsam auf 1000 z\u00e4hlen &#8230;.<br \/> Nochmals \u00fcberlegt was wir machen k\u00f6nnen. In der N\u00e4he war ein Publix. Dort sind wir rein, haben irgendeine Kleinigkeit zur Kasse getragen und versucht mit Kreditkarte zu bezahlen. Hat ohne Probleme funktioniert. Das verstehe jetzt jemand &#8230; Hat vielleicht nur genau dieser Walmart ein Problem in Verbindung mit Mastercard? Schliesslich haben wir in diesem Urlaub ja schon einiges in diversen Walmarts mit Kreditkarte bezahlt.<\/p>\n<p>Weil es uns irgendwie zu peinlich war nochmals in den gleichen Walmart zu gehen, haben wir uns einen anderen gesucht. Das Laptop gab es dort ebenfalls. Wieder hat ein Angestellter das Ger\u00e4t aus dem Schrank geholt, wieder sind wir mit ihm an die Kasse gelaufen &#8230; und wieder hiess es &#8222;Transaktion verweigert&#8220;.<br \/> So jetzt reichts! Raus ins Auto und nochmals die Nummer gew\u00e4hlt. Wieder die Ansage in Sachen Gespr\u00e4chaufzeichnung geh\u00f6rt und dann bekam ich tats\u00e4chlich jemanden zu sprechen. Ich musste mich erst mit Kreditkartennummer, Adresse, Geburtsdatum und Kontonummer authentifizieren und habe dann das Problem geschildert. Die freundl\u00edche Dame konnte in ihrer Datenbank sehen, dass ich in zwei verschiedenen Walmarts versucht habe meine Kreditkarte mit &#8222;einem sehr hohen Betrag&#8220; zu belasten.<br \/> &#8222;Da hat unser Sicherheitssystem gegriffen. Die Karte wird bei Einzelbetr\u00e4gen in dieser H\u00f6he bei unsicheren Quellen f\u00fcr genau diese Quellen gesperrt&#8220;. Hallo geht`s noch? Walmart unsicher?? Und dann ohne Warnung einfach sperren??? Da kann man ja in Teufels K\u00fcche kommen. Ich habe meinen Unmut \u00fcber diese Sache recht deutlich ge\u00e4ussert. Es ist ja gut, dass Mastercard Sicherheitsmechanismen einbaut. Aber das ginge doch sicher auch irgendwie auf eine andere Art meine ich.<br \/> Die Dame am Telefon zeigte sich wenig beeindruckt und bot mir an, das Kartenlimit f\u00fcr Walmart entweder f\u00fcr einen oder maximal drei Tage zu entfernen. Mehr liesse das System nicht zu. <br \/>Meine Fresse &#8230; spreche ich Chinesisch? FREISCHALTEN!! JETZT!!!<br \/> Das gleiche Theater musste Biggy mit ihrer Kreditkarte ebenfalls \u00fcber sich ergehen lassen.<br \/> Nach dem Urlaub werde ich mich da sicher noch einmal vorstellen &#8230;<\/p>\n<p>Wieder rein in den Walmart. Das Laptop stand noch an der Kasse. Bei der Dame entschuldigt, die Karte durchgezogen &#8230; tr\u00e4r\u00e4\u00e4\u00e4\u00e4\u00e4\u00e4\u00e4!!! Bezahlt und gekauft!<\/p>\n<p>Den sp\u00e4ten Nachmittag habe ich damit verbracht das Laptop halbwegs urlaubstauglich einzurichten. Was fehlt sind alle Internetfavoriten, Emailkonten, das bis dato geschriebene Urlaubstagebuch, etc, etc.<br \/> W\u00e4re gut wenn ich irgendwie die alte Festplatte an das neue Ger\u00e4t anschliessen k\u00f6nnte.<br \/> Problem: Die alte HDU ist PATA, das neue Laptop hat nat\u00fcrlich schon SATA. Ich brauche einen Adapter PATA auf USB. Mal sehen ob ich das noch auftreiben kann. Eilt nicht &#8230;<\/p>\n<p>Abendessen &#8230; nat\u00fcrlich bei Dennys<br \/> \ud83d\ude09<\/p>\n<p>Viele Gr\u00fc\u00dfe<br \/> Joa<\/p>\n<p>Zur\u00fcck zu: <a title=\"04.08.2010, bye bye Panhandle\" href=\"https:\/\/www.all-for-all.de\/?page_id=1325\">04.08.2010, bye bye Panhandle<\/a><br \/>Weiter zu: <a title=\"06.08.2010, n\u00e4chstes Ziel: Fort Myers Beach\" href=\"https:\/\/www.all-for-all.de\/?page_id=1333\">06.08.2010, n\u00e4chstes Ziel: Fort Myers Beach<\/a><\/p>\n","protected":false},"excerpt":{"rendered":"<p>Ich wollte eigentlich morgens nur schnell Emails checken und nochmals die gestrige Reiseroute ansehen. Laptop eingeschaltet und weil das in die Jahre gekommene Ger\u00e4t eine gewisse Zeit ben\u00f6tigt um Windows zu laden, ins Bad gegangen. Als ich wieder heraus kam, &hellip; <a href=\"https:\/\/www.all-for-all.de\/?page_id=1328\">Weiterlesen <span class=\"meta-nav\">&rarr;<\/span><\/a><\/p>\n","protected":false},"author":2,"featured_media":0,"parent":0,"menu_order":0,"comment_status":"closed","ping_status":"closed","template":"","meta":{"footnotes":""},"class_list":["post-1328","page","type-page","status-publish","hentry"],"jetpack_sharing_enabled":true,"_links":{"self":[{"href":"https:\/\/www.all-for-all.de\/index.php?rest_route=\/wp\/v2\/pages\/1328","targetHints":{"allow":["GET"]}}],"collection":[{"href":"https:\/\/www.all-for-all.de\/index.php?rest_route=\/wp\/v2\/pages"}],"about":[{"href":"https:\/\/www.all-for-all.de\/index.php?rest_route=\/wp\/v2\/types\/page"}],"author":[{"embeddable":true,"href":"https:\/\/www.all-for-all.de\/index.php?rest_route=\/wp\/v2\/users\/2"}],"replies":[{"embeddable":true,"href":"https:\/\/www.all-for-all.de\/index.php?rest_route=%2Fwp%2Fv2%2Fcomments&post=1328"}],"version-history":[{"count":0,"href":"https:\/\/www.all-for-all.de\/index.php?rest_route=\/wp\/v2\/pages\/1328\/revisions"}],"wp:attachment":[{"href":"https:\/\/www.all-for-all.de\/index.php?rest_route=%2Fwp%2Fv2%2Fmedia&parent=1328"}],"curies":[{"name":"wp","href":"https:\/\/api.w.org\/{rel}","templated":true}]}}