{"id":1319,"date":"2010-08-03T23:59:32","date_gmt":"2010-08-03T23:59:32","guid":{"rendered":"http:\/\/www.all-for-all.de\/?page_id=1319"},"modified":"2021-09-16T12:03:00","modified_gmt":"2021-09-16T11:03:00","slug":"02-08-2010-noch-weiter-nach-westen-bis-zum-ol","status":"publish","type":"page","link":"https:\/\/www.all-for-all.de\/?page_id=1319","title":{"rendered":"03.08.2010, noch weiter nach Westen &#8230; bis zum \u00d6l"},"content":{"rendered":"<p>Dass es schon wieder recht fr\u00fch war als wir aufwachten schreibe ich jetzt zum letzten Mal&#8230; ich erw\u00e4hne es k\u00fcnftig einfach nicht mehr.<br \/>\n\ud83d\ude09<br \/>\nAusgecheckt und alles ins Auto verladen. Eismaschinen gab es im Hotel leider keine. Daf\u00fcr haben wir die beiden Eisw\u00fcrfelbeh\u00e4lter aus dem gro\u00dfen K\u00fchlschrank geleert und in unsere K\u00fchlbox gef\u00fcllt. Besser wie gar nichts.<br \/>\nWieder auf den Highway 98 und ab Richtung Westen! TomTom war zwar montiert und eingeschaltet, jedoch habe ich kein Ziel programmiert. Der Highway geht immer westw\u00e4rts durch die wichtigsten Orte. Man kann sich hier nicht verfahren. \ud83d\ude09<\/p>\n<p>Bereits vor dem Urlaub und noch vor der BP \u00d6lkatastrophe war klar, dass wir maximal bis Biloxi fahren werden. Biloxi liegt kurz vor New Orleans (bereits im Bundesstaat Mississippi) und ist ein bekannter Badeort.<br \/>\nJetzt mit dem \u00d6l im Golf wollten wir das Ganze auf uns zukommen lassen. Sobald \u00d6l zu sehen ist machen wir kehrt.<\/p>\n<p>So sind wir also \u00fcber Laguna Beach, Miramar Beach, Destin, Fort Waltons Beach bis Navarre gefahren. Dort haben wir den Highway 98 verlassen und es sollte \u00fcber Navarre Beach, Pensacola Beach, Pensacola und Mobile bis Biloxi gehen.<\/p>\n<p><img loading=\"lazy\" decoding=\"async\" class=\"aligncenter\" title=\"Einfahrt zu Navarre Beach\" src=\"https:\/\/www.all-for-all.de\/wp-content\/uploads\/2010\/08\/DSC00304_klein.jpg\" alt=\"\" width=\"640\" height=\"480\" \/><\/p>\n<p>Die Fahrt auf Okaloosa Island von Navarre Beach \u00fcber Pensacola Beach Richtung Fort Pickens ist unbeschreiblich! Wir sind das einzige Fahrzeug auf der Stra\u00dfe und der Sand ist so wei\u00df, dass man trotz get\u00f6nter Autoscheiben\u00a0 die Augen zukneifen muss. Obwohl gutes Wetter herrscht, ist an dem Traumstrand kein Mensch zu entdecken. Jede Menge \u00fcberdachte Picknick Areas und\u00a0Restrooms aber kein Angler, keine Strandsitzer &#8230; absolut niemand.<\/p>\n<p><img loading=\"lazy\" decoding=\"async\" class=\"aligncenter\" title=\"Okaloosa Island\" src=\"https:\/\/www.all-for-all.de\/wp-content\/uploads\/2010\/08\/DSC00255_klein.jpg\" alt=\"\" width=\"640\" height=\"480\" \/><\/p>\n<p><img loading=\"lazy\" decoding=\"async\" class=\"aligncenter\" title=\"Okaloosa Island\" src=\"https:\/\/www.all-for-all.de\/wp-content\/uploads\/2010\/08\/DSC00260_klein.jpg\" alt=\"\" width=\"640\" height=\"480\" \/><img loading=\"lazy\" decoding=\"async\" class=\"aligncenter\" title=\"Okaloosa Island\" src=\"https:\/\/www.all-for-all.de\/wp-content\/uploads\/2010\/08\/DSC00256_klein1.jpg\" alt=\"\" width=\"640\" height=\"480\" \/><img loading=\"lazy\" decoding=\"async\" class=\"aligncenter\" title=\"Okaloosa Island\" src=\"https:\/\/www.all-for-all.de\/wp-content\/uploads\/2010\/08\/DSC00258_klein1.jpg\" alt=\"\" width=\"640\" height=\"480\" \/><img loading=\"lazy\" decoding=\"async\" class=\"aligncenter\" title=\"Okaloosa Island\" src=\"https:\/\/www.all-for-all.de\/wp-content\/uploads\/2010\/08\/DSC00263_klein.jpg\" alt=\"\" width=\"640\" height=\"480\" \/><img loading=\"lazy\" decoding=\"async\" class=\"aligncenter\" title=\"Okaloosa Island\" src=\"https:\/\/www.all-for-all.de\/wp-content\/uploads\/2010\/08\/DSC00278_klein.jpg\" alt=\"\" width=\"640\" height=\"480\" \/><img loading=\"lazy\" decoding=\"async\" class=\"aligncenter\" title=\"Okaloosa Island\" src=\"https:\/\/www.all-for-all.de\/wp-content\/uploads\/2010\/08\/DSC00287_klein3.jpg\" alt=\"\" width=\"640\" height=\"480\" \/><\/p>\n<p>An einem der Parkpl\u00e4tze haben wir gehalten, sind ausgestiegen und hatten die Erkl\u00e4rung f\u00fcr die menschenleere Gegend.<\/p>\n<p><img loading=\"lazy\" decoding=\"async\" class=\"aligncenter\" title=\"\u00d6l am Strand ...\" src=\"https:\/\/www.all-for-all.de\/wp-content\/uploads\/2010\/08\/DSC00239_klein1.jpg\" alt=\"\" width=\"640\" height=\"480\" \/><\/p>\n<p>Da war es also &#8230; das \u00d6l von der Deepwater Horizon. Bislang immer nur in den Medien gesehen und jetzt zum Greifen nahe. Irgendwie bedr\u00fcckend &#8230;<br \/>\nDann haben wir auch die Aufr\u00e4umtrupps entdeckt:<\/p>\n<p><img loading=\"lazy\" decoding=\"async\" class=\"aligncenter\" title=\"Disaster Recovery\" src=\"https:\/\/www.all-for-all.de\/wp-content\/uploads\/2010\/08\/DSC00286_klein.jpg\" alt=\"\" width=\"640\" height=\"480\" \/><img loading=\"lazy\" decoding=\"async\" class=\"aligncenter\" title=\"Disaster Recovery\" src=\"https:\/\/www.all-for-all.de\/wp-content\/uploads\/2010\/08\/DSC00284_klein.jpg\" alt=\"\" width=\"640\" height=\"480\" \/><img loading=\"lazy\" decoding=\"async\" class=\"aligncenter\" title=\"Disaster Recovery\" src=\"https:\/\/www.all-for-all.de\/wp-content\/uploads\/2010\/08\/DSC00289_klein.jpg\" alt=\"\" width=\"640\" height=\"480\" \/><img loading=\"lazy\" decoding=\"async\" class=\"aligncenter\" title=\"Disaster Recovery\" src=\"https:\/\/www.all-for-all.de\/wp-content\/uploads\/2010\/08\/DSC00277_klein.jpg\" alt=\"\" width=\"640\" height=\"480\" \/><\/p>\n<p>Respekt vor den Helfern &#8230; bei der Hitze, der Luftfeuchtigkeit und dem grellen wei\u00dfen Sand jeden Tag das neu angeschwemmte \u00d6l aufsammeln. Immer und immer wieder die gleichen Str\u00e4nde vom \u00d6l befreien. Keine Ahnung wie lange man das aushalten kann bis man zusammenklappt.<br \/>\nDas alles hier ist Naturschutzgebiet und es wird zum Teil mit massivem Ger\u00e4t anger\u00fcckt. Leider muss das wohl so sein &#8230;<br \/>\nAchja: Zu allem \u00dcberflu\u00df sind auch hier jede Menge Gr\u00fcnalgen im Wasser. \ud83d\ude41<\/p>\n<p>Wir \u00fcberlegten ob wir wieder zur\u00fcck nach Panama City Beach fahren sollten. Immerhin war da kein \u00d6l. Weil es aber doch schon ca. 16:00 Uhr war, wollten wir lieber in Pensacola Beach eine Nacht bleiben.<br \/>\n&#8222;Wollten &#8230;&#8220;<br \/>\nTrotz der \u00d6lseuche vor der T\u00fcr waren die Hotels komplett ausgebucht. Wo sind die ganzen Menschen? Lediglich das neu er\u00f6ffnete &#8222;Margaritaville Beach Hotel&#8220; hatte eine Oceanfront Suite frei. F\u00fcr schlappe 229,- Dollar\/Nacht &#8230; zuz\u00fcglich Tax.<br \/>\nWir h\u00e4tten uns so was denken k\u00f6nnen als mir beim Halt vor dem Hotel gleich jemand in Pagenuniform die Auto- und die Hotelt\u00fcr ge\u00f6ffnet hat. Alles was Recht ist, aber das sind Betr\u00e4ge die ich nicht bereit bin f\u00fcr eine \u00dcbernachtung zu bezahlen.<\/p>\n<p>Wir fuhren dann noch weiter Richtung Westen bis Warrington. Dort haben wir gewendet und wollten unser Gl\u00fcck zur\u00fcck in Fort Walton Beach versuchen. Wir bekamen nur im Best Western ein Zimmer und nur weil andere G\u00e4ste abgesagt haben. Der Preis war auch hier recht stolz.<br \/>\nDie ganzen Meldungen in den Medien \u00fcber gewaltige Umsatzr\u00fcckg\u00e4nge in der Tourismusbranche wegen dem \u00d6l treffen auf Florida defintiv nicht zu. Vielleicht weiter westlich. Dort wo die \u00d6lverseuchung st\u00e4rker ist &#8230;<\/p>\n<p>Das Zimmer war wenigstens sch\u00f6n und der Ausblick vom Balkon herrlich.<br \/>\n<img loading=\"lazy\" decoding=\"async\" class=\"aligncenter\" title=\"Ausblick vom Best Western\" src=\"https:\/\/www.all-for-all.de\/wp-content\/uploads\/2010\/08\/DSC00307_klein.jpg\" alt=\"\" width=\"640\" height=\"480\" \/><\/p>\n<p><img loading=\"lazy\" decoding=\"async\" class=\"aligncenter\" title=\"Best Western Fort Waltons Beach\" src=\"https:\/\/www.all-for-all.de\/wp-content\/uploads\/2010\/08\/DSC00315_klein.jpg\" alt=\"\" width=\"640\" height=\"480\" \/><img loading=\"lazy\" decoding=\"async\" class=\"aligncenter\" title=\"Strand in der Abendd\u00e4mmerung\" src=\"https:\/\/www.all-for-all.de\/wp-content\/uploads\/2010\/08\/DSC00317_klein.jpg\" alt=\"\" width=\"640\" height=\"480\" \/><img loading=\"lazy\" decoding=\"async\" class=\"aligncenter\" title=\"Golf von Mexico in der Abendd\u00e4mmerung\" src=\"https:\/\/www.all-for-all.de\/wp-content\/uploads\/2010\/08\/DSC00318_klein.jpg\" alt=\"\" width=\"640\" height=\"480\" \/><\/p>\n<p>Zum Tagesabschlu\u00df haben wir uns einmal wieder einen Burger bei Dennys geg\u00f6nnt.<\/p>\n<p>Die Tagestour kam uns recht kurz vor. Trotzdem waren es laut Logger immerhin 274,27km.<\/p>\n<p><img loading=\"lazy\" decoding=\"async\" class=\"aligncenter\" title=\"Fort Walton Beach\" src=\"https:\/\/www.all-for-all.de\/wp-content\/uploads\/2010\/08\/Fort-Walton-Beach.bmp\" alt=\"\" width=\"999\" height=\"538\" \/><\/p>\n<p>Viele Gr\u00fc\u00dfe<br \/>\nJoa<\/p>\n<p>Zur\u00fcck zu: <a title=\"02.08.2010, beach and shopping\" href=\"https:\/\/www.all-for-all.de\/?page_id=1316\">02.08.2010, beach and shopping<\/a><br \/>\nWeiter zu: <a title=\"04.08.2010, bye bye Panhandle\" href=\"https:\/\/www.all-for-all.de\/?page_id=1325\">04.08.2010, bye bye Panhandle<\/a><\/p>\n","protected":false},"excerpt":{"rendered":"<p>Dass es schon wieder recht fr\u00fch war als wir aufwachten schreibe ich jetzt zum letzten Mal&#8230; ich erw\u00e4hne es k\u00fcnftig einfach nicht mehr. \ud83d\ude09 Ausgecheckt und alles ins Auto verladen. Eismaschinen gab es im Hotel leider keine. Daf\u00fcr haben wir &hellip; <a href=\"https:\/\/www.all-for-all.de\/?page_id=1319\">Weiterlesen <span class=\"meta-nav\">&rarr;<\/span><\/a><\/p>\n","protected":false},"author":2,"featured_media":0,"parent":0,"menu_order":0,"comment_status":"closed","ping_status":"closed","template":"","meta":{"footnotes":""},"class_list":["post-1319","page","type-page","status-publish","hentry"],"jetpack_sharing_enabled":true,"_links":{"self":[{"href":"https:\/\/www.all-for-all.de\/index.php?rest_route=\/wp\/v2\/pages\/1319","targetHints":{"allow":["GET"]}}],"collection":[{"href":"https:\/\/www.all-for-all.de\/index.php?rest_route=\/wp\/v2\/pages"}],"about":[{"href":"https:\/\/www.all-for-all.de\/index.php?rest_route=\/wp\/v2\/types\/page"}],"author":[{"embeddable":true,"href":"https:\/\/www.all-for-all.de\/index.php?rest_route=\/wp\/v2\/users\/2"}],"replies":[{"embeddable":true,"href":"https:\/\/www.all-for-all.de\/index.php?rest_route=%2Fwp%2Fv2%2Fcomments&post=1319"}],"version-history":[{"count":1,"href":"https:\/\/www.all-for-all.de\/index.php?rest_route=\/wp\/v2\/pages\/1319\/revisions"}],"predecessor-version":[{"id":5010,"href":"https:\/\/www.all-for-all.de\/index.php?rest_route=\/wp\/v2\/pages\/1319\/revisions\/5010"}],"wp:attachment":[{"href":"https:\/\/www.all-for-all.de\/index.php?rest_route=%2Fwp%2Fv2%2Fmedia&parent=1319"}],"curies":[{"name":"wp","href":"https:\/\/api.w.org\/{rel}","templated":true}]}}