{"id":1316,"date":"2010-08-02T23:59:05","date_gmt":"2010-08-02T23:59:05","guid":{"rendered":"http:\/\/www.all-for-all.de\/?page_id=1316"},"modified":"2021-09-16T12:01:04","modified_gmt":"2021-09-16T11:01:04","slug":"02-08-2010-beach-and-shopping","status":"publish","type":"page","link":"https:\/\/www.all-for-all.de\/?page_id=1316","title":{"rendered":"02.08.2010, beach and shopping"},"content":{"rendered":"<p>War klar &#8230; wieder vor Sonnenaufgang auf dem Balkon gewesen. Der Schlafrhythmus will sich nicht umstellen. Aber so hat man wenigstens was vom Tag. Es war dr\u00fcckend schw\u00fcl, bew\u00f6lkt und es sah auch nicht danach aus als ob es ein sonniger Tag werden w\u00fcrde.<\/p>\n<p>Noch vor dem Fr\u00fchst\u00fcck direkt das Zimmer um eine weitere Nacht verl\u00e4ngert und ab an den Strand. Dort mussten wir feststellen, dass gro\u00dfe Teile des Wassers im Uferbereich voll mit kleinen gr\u00fcnen Algen sind. Der Anblick als auch der Geruch sind nicht gerade ansprechend. Es gibt aber dennoch freie Stellen an denen das Wasser glasklar ist und man prima ins Meer gehen kann.. Das ganze ist str\u00f6mungsabh\u00e4ngig und \u00e4ndert sich st\u00e4ndig. Kein \u00d6l von BP, daf\u00fcr schmierige Algen &#8230; pffff<\/p>\n<p><img loading=\"lazy\" decoding=\"async\" class=\"aligncenter\" title=\"Algen im Wasser\" src=\"https:\/\/www.all-for-all.de\/wp-content\/uploads\/2010\/08\/DSC00225_klein.jpg\" alt=\"\" width=\"640\" height=\"480\" \/><\/p>\n<p>Nach dem Baden, wieder auf dem Zimmer, haben wir im Internet nachgesehen, ob das mit den Algen normal ist. Wir waren vorher ja noch nie in dieser Gegend. Vielleicht geh\u00f6rt das ja so. Tja &#8230; von wegen. Das Algenproblem ist hausgemacht! Durch den st\u00e4ndig zunehmenden Anbau von Gr\u00fcnkram zur Biosprit-Erzeugung wird haupts\u00e4chlich \u00fcber den Mississippi immer mehr D\u00fcnger in den Golf gesp\u00fclt. Das verursacht diesen Algenwuchs. Je nach Str\u00f6mung, Wind- und Wetterrichtung etc, ist dieser Algenteppich eben dann in Ufern\u00e4he oder nicht. So lange die Algen aber gr\u00fcn und nicht rot sind, sei alles ungef\u00e4hrlich. Stand da zumindest.<\/p>\n<p>So richtig hungrig waren wir nicht. Lieber etwas sp\u00e4ter gleich zu Mittag essen. Caramel Macchiato besorgt, und Panama City Beach mit dem Auto erkundet. \u00dcberall T-Shirt-, Souvenir- und Badeartikel-shops, viele Liquor Stores und jede Menge Seafood Fressbuden die uns nicht wirklich angesprochen haben. Alles komplett auf Spass-Tourismus ausgelegt.<br \/>\nDie sehr neue &#8222;Pier Park Shopping Mall&#8220; ist aber wirklich toll angelegt. Es ist keine \u00fcberdachte Mall, sondern man kann mit dem Auto direkt vor den einzelnen Shops parken (falls Parkpl\u00e4tze frei sind).<br \/>\nF\u00fcr gehfaule Urlauber genau das richtige. Der Nachteil war, dass immer wieder kurze und heftige Regenschauer \u00fcber uns hereinbrachen. Deshalb haben wir das shoppen hier ziemlich bald aufgegeben.<\/p>\n<p>Bei der Stadterkundung vorher sind wir an einem &#8222;Applebees&#8220; vorbeigekommen. Der Laden war noch geschlossen. Ich habe auf das Schild mit den \u00d6ffnungszeiten gesehen: &#8222;open 11am &#8211; 24pm&#8220;<br \/>\nMittlerweile war es knapp 11:30 Uhr und wir bekamen Hunger. Also wieder hin zu Applebees. Von aussen konnte man sehen, dass die St\u00fchle noch auf den Tischen standen. Aber es waren Leute drin. Die T\u00fcr war auch offen &#8230; naja was solls? Reinspaziert und gefragt ob noch geschlossen sei. Wir bekamen zu h\u00f6ren was auch auf dem \u00d6ffnungsschild stand. &#8222;Ge\u00f6ffnet ab 11am&#8220; &#8230; hu?<br \/>\nGut dass ich nicht gleich protestierend auf die Uhr gezeigt habe. Wieder draussen im Auto d\u00e4mmerte es uns. Wir sind auf der gestrigen Fahrt nach Westen in eine neue Zeitzone gefahren und mussten somit unsere Uhren eine Stunde zur\u00fcckstellen. \ud83d\ude00<br \/>\nL\u00e4nger warten wollten wir nicht und irgendwie mag ich es auch nicht direkt zur Laden\u00f6ffnung in ein Lokal zu st\u00fcrmen. Ein paar Snacks taten es dann auch und wir haben einige dieser T-Shirt Shops besucht.<br \/>\nJe sp\u00e4ter es am Tag wurde, desto mehr Motorroller, Scooter und komische Viersitzer (in etwa wie ein Golfwagen) fuhren zum Teil in gr\u00f6\u00dferen Gruppen wild hupend auf der Uferstra\u00dfe auf und ab. Anscheinend ist die Huperei hier etwas was keinen aufregt. Die entgegen kommenden Autos hupten und winkten munter zur\u00fcck und irgendwann war es kaum noch zu ertragen. Eine echte Spassmeile hier. \ud83d\ude00<\/p>\n<p>Sp\u00e4ter am Nachmittag, als es eine Zeit lang nicht nach Regen aussah, sind wir nochmals f\u00fcr etwa eine Stunde an den Strand und ins Meer gegangen.<\/p>\n<p>Zum Abendessen sollte es dann aber doch Applebees sein. Also wieder hin und einen &#8222;Cowboy Burger&#8220; sowie ein Bud bestellt. Die freundliche Bedienung fragte mich tats\u00e4chlich nach meinem Ausweis. Er d\u00fcrfe mir nur Bier servieren wenn ich 21 Jahre alt bin &#8230; Vielleicht h\u00e4tte ich mich vorhin nicht rasieren sollen &#8230; hahaha. Als das gekl\u00e4rt war, bekamen wir unser Bier und unsere Burger.<br \/>\nDer Cowboy Burger ist echt zu empfehlen.<br \/>\nObwohl wir satt waren, haben wir uns zum Abschluss des Tages bei Mc Donalds am drive-in zwei gro\u00dfe Vanillashakes abgeholt und sind die Uferstra\u00dfe noch ein paar Mal rauf und runter gefahren. Man musste dabei extrem auf die vielen schlecht beleuchteten Rollerfahrer achten. Keine Ahnung ob man es merkt wenn man mit dem schweren Fahrzeug \u00fcber einen dr\u00fcberf\u00e4hrt. \ud83d\ude09<\/p>\n<p>Viele Gr\u00fc\u00dfe<br \/>\nJoa<\/p>\n<p>Zur\u00fcck zu: <a title=\"01.08.2010, vom Atlantik an den Golf von Mexico\" href=\"https:\/\/www.all-for-all.de\/?page_id=1313\">01.08.2010, vom Atlantik an den Golf von Mexico<\/a><br \/>\nWeiter zu: <a title=\"03.08.2010, noch weiter nach Westen \u2026 bis zum \u00d6l\" href=\"https:\/\/www.all-for-all.de\/?page_id=1319\">03.08.2010, noch weiter nach Westen \u2026 bis zum \u00d6l<\/a><\/p>\n","protected":false},"excerpt":{"rendered":"<p>War klar &#8230; wieder vor Sonnenaufgang auf dem Balkon gewesen. Der Schlafrhythmus will sich nicht umstellen. Aber so hat man wenigstens was vom Tag. Es war dr\u00fcckend schw\u00fcl, bew\u00f6lkt und es sah auch nicht danach aus als ob es ein &hellip; <a href=\"https:\/\/www.all-for-all.de\/?page_id=1316\">Weiterlesen <span class=\"meta-nav\">&rarr;<\/span><\/a><\/p>\n","protected":false},"author":2,"featured_media":0,"parent":0,"menu_order":0,"comment_status":"closed","ping_status":"closed","template":"","meta":{"footnotes":""},"class_list":["post-1316","page","type-page","status-publish","hentry"],"jetpack_sharing_enabled":true,"_links":{"self":[{"href":"https:\/\/www.all-for-all.de\/index.php?rest_route=\/wp\/v2\/pages\/1316","targetHints":{"allow":["GET"]}}],"collection":[{"href":"https:\/\/www.all-for-all.de\/index.php?rest_route=\/wp\/v2\/pages"}],"about":[{"href":"https:\/\/www.all-for-all.de\/index.php?rest_route=\/wp\/v2\/types\/page"}],"author":[{"embeddable":true,"href":"https:\/\/www.all-for-all.de\/index.php?rest_route=\/wp\/v2\/users\/2"}],"replies":[{"embeddable":true,"href":"https:\/\/www.all-for-all.de\/index.php?rest_route=%2Fwp%2Fv2%2Fcomments&post=1316"}],"version-history":[{"count":1,"href":"https:\/\/www.all-for-all.de\/index.php?rest_route=\/wp\/v2\/pages\/1316\/revisions"}],"predecessor-version":[{"id":5009,"href":"https:\/\/www.all-for-all.de\/index.php?rest_route=\/wp\/v2\/pages\/1316\/revisions\/5009"}],"wp:attachment":[{"href":"https:\/\/www.all-for-all.de\/index.php?rest_route=%2Fwp%2Fv2%2Fmedia&parent=1316"}],"curies":[{"name":"wp","href":"https:\/\/api.w.org\/{rel}","templated":true}]}}