{"id":1313,"date":"2010-08-01T23:59:39","date_gmt":"2010-08-01T23:59:39","guid":{"rendered":"http:\/\/www.all-for-all.de\/?page_id=1313"},"modified":"2021-09-16T12:00:25","modified_gmt":"2021-09-16T11:00:25","slug":"01-08-2010-vom-atlantik-an-den-golf-von-mexico","status":"publish","type":"page","link":"https:\/\/www.all-for-all.de\/?page_id=1313","title":{"rendered":"01.08.2010, vom Atlantik an den Golf von Mexico"},"content":{"rendered":"<p>Trotz des herrlichen Betts wieder extrem fr\u00fch aufgewacht.<br \/>\nIm Zimmerpreis war das Fr\u00fchst\u00fcck inbegriffen und das gab es ab 06:00 Uhr. Das Buffet war zwar fl\u00e4chenm\u00e4ssig klein, hatte aber alles was man sich w\u00fcnschen konnte. Lediglich der Orangensaft war irgendein Sirupkram und nicht geniessbar.<br \/>\nAnschliessend Koffer gepackt und ausgecheckt.<br \/>\nIn Jacksonville liegt einer der gr\u00f6\u00dften Milit\u00e4rh\u00e4fen der USA &#8230; Mayport. Das ist der Heimathafen mehrerer Zerst\u00f6rer, Fregatten sowie des atombetriebenen Flugzeugtr\u00e4gers John F. Kennedy. \u00dcbers Internet war leider wenig zu erfahren. Wir wussten also nicht ob der Tr\u00e4ger im Hafen liegt oder im Einsatz ist und ob man da \u00fcberhaupt in die N\u00e4he kommt. Ich wollte so ein Ding schon immer einmal aus der N\u00e4he betrachten.<br \/>\nWenn man mit Google Earth auf Mayport zoomt, kann man ein paar der Schiffe sehen.<\/p>\n<p><img loading=\"lazy\" decoding=\"async\" class=\"aligncenter\" title=\"Mayport Naval Station\" src=\"https:\/\/www.all-for-all.de\/wp-content\/uploads\/2010\/08\/Mayport.bmp\" alt=\"\" width=\"640\" height=\"480\" \/><br \/>\nJeglicher Versuch etwas n\u00e4her an den Hafen zu gelangen scheiterte immer an schwer bewachten Einfahrten. Jajaja &#8230; schon gut, h\u00e4tte ja sein k\u00f6nnen. \ud83d\ude41<br \/>\n<img loading=\"lazy\" decoding=\"async\" class=\"aligncenter\" title=\"Anfahrtsversuch\" src=\"https:\/\/www.all-for-all.de\/wp-content\/uploads\/2010\/08\/Mayport_2.bmp\" alt=\"\" width=\"640\" height=\"480\" \/><\/p>\n<p><img loading=\"lazy\" decoding=\"async\" class=\"aligncenter\" title=\"Leuchtturm hinter hohem Stacheldraht. Milit\u00e4rgel\u00e4nde\" src=\"https:\/\/www.all-for-all.de\/wp-content\/uploads\/2010\/08\/DSC00095_klein.jpg\" alt=\"\" width=\"640\" height=\"480\" \/><br \/>\nIn Jacksonville ist noch das US-Hauptwerk von Budweiser. Nach dem R\u00fcckschlag mit Mayport wollten wir uns das ansehen. Hingefunden haben wir sofort. Aaaaaaaber: Es war Sonntag und es gab weder eine F\u00fchrung, noch hatte der Gift Shop ge\u00f6ffnet.<br \/>\n<img loading=\"lazy\" decoding=\"async\" class=\"aligncenter\" title=\"\u00d6ffnungszeiten\" src=\"https:\/\/www.all-for-all.de\/wp-content\/uploads\/2010\/08\/DSC00114_klein-767x1024.jpg\" alt=\"\" width=\"640\" height=\"854\" \/><\/p>\n<p>Wir sind trotzdem ein wenig um das Besuchergeb\u00e4ude gezogen und als wir wieder vom Parkplatz fahren wollten, war dieser mit einem automatischen Eisentor versperrt. Kein Rauskommen. Auch mit viel Anlauf und dem schweren Ford Escape h\u00e4tte uns das Tor vermutlich gebremst.<br \/>\nNa super &#8230; ich bin von Geb\u00e4udeeingang zu Geb\u00e4udeeingang gelaufen, habe auf diverse Sprechanlagen- und Klingelkn\u00f6pfe gedr\u00fcckt &#8230; Nichts.<br \/>\nGerade als ich am \u00dcberlegen war, ob es das Auto durch das neben dem Tor liegende Blumenbeet schaffen w\u00fcrde, habe ich auf der Einfahrtsseite des Tors eine weitere Sprechanlage entdeckt.<br \/>\nKnopf gedr\u00fcckt &#8230; und tats\u00e4chlich, es antwortete jemand. Kurz das Problem geschildert und schon ging das Ausfahrtstor auf. Na bitte &#8230; geht doch. Gl\u00fcck gehabt Blumenbeet!<br \/>\n\ud83d\ude00<\/p>\n<p>Trotz mehrerer Aufenthalte in Florida waren wir noch nie in der Hauptstadt des Bundesstaats. In Tallahassee. Das war jetzt unser Ziel. TomTom programmiert und los.<\/p>\n<p><img loading=\"lazy\" decoding=\"async\" class=\"aligncenter\" title=\"Br\u00fccke in Jacksonville\" src=\"https:\/\/www.all-for-all.de\/wp-content\/uploads\/2010\/08\/DSC00105_klein.jpg\" alt=\"\" width=\"640\" height=\"480\" \/><\/p>\n<p><img loading=\"lazy\" decoding=\"async\" class=\"aligncenter\" title=\"Ab nach Tallahassee\" src=\"https:\/\/www.all-for-all.de\/wp-content\/uploads\/2010\/08\/DSC00120_klein.jpg\" alt=\"\" width=\"640\" height=\"480\" \/><\/p>\n<p>Tallahassee machte auf uns eher einen verschlafenen Eindruck. Die Altstadt hat wirklich noch sch\u00f6ne alte H\u00e4user und alles sieht mit den B\u00e4umen klasse aus. Das Klima ist um diese Jahreszeit auch lange nicht so krass wie direkt am Golf oder am Atlantik. Wenn man nur das flache S\u00fcdflorida kennt, ist man \u00fcberrascht wie h\u00fcgelig es dort ist.<\/p>\n<p><img loading=\"lazy\" decoding=\"async\" class=\"aligncenter\" title=\"Tallahassee\" src=\"https:\/\/www.all-for-all.de\/wp-content\/uploads\/2010\/08\/DSC00125_klein.jpg\" alt=\"\" width=\"640\" height=\"480\" \/><\/p>\n<p><img loading=\"lazy\" decoding=\"async\" class=\"aligncenter\" title=\"Tallahassee\" src=\"https:\/\/www.all-for-all.de\/wp-content\/uploads\/2010\/08\/DSC00136_klein.jpg\" alt=\"\" width=\"640\" height=\"480\" \/><img loading=\"lazy\" decoding=\"async\" class=\"aligncenter\" title=\"Tallahassee\" src=\"https:\/\/www.all-for-all.de\/wp-content\/uploads\/2010\/08\/DSC00134_klein.jpg\" alt=\"\" width=\"640\" height=\"480\" \/><img loading=\"lazy\" decoding=\"async\" class=\"aligncenter\" title=\"Tallahassee\" src=\"https:\/\/www.all-for-all.de\/wp-content\/uploads\/2010\/08\/DSC00127_klein.jpg\" alt=\"\" width=\"640\" height=\"480\" \/><\/p>\n<p><img loading=\"lazy\" decoding=\"async\" class=\"aligncenter\" title=\"Tallahassee\" src=\"https:\/\/www.all-for-all.de\/wp-content\/uploads\/2010\/08\/DSC00140_klein.jpg\" alt=\"\" width=\"640\" height=\"480\" \/><\/p>\n<p>Tallahassee ist in meinen Augen ein typischer Fall von &#8222;muss man mal gesehen haben. Aber einmal reicht&#8220;.<\/p>\n<p>Wir haben uns in einem Walmart Supercenter mit kleinen Snacks versorgt, den altbew\u00e4hrten Autoatlas ge\u00f6ffnet und nachgesehen wie wir am Besten an den Golf von Mexico kommen. Das erste was irgendwie zumindest nach kleiner Kleinstadt aussah war &#8222;Carabelle&#8220;. TomTom hat uns hingef\u00fchrt.<br \/>\nSo richtig ansprechend fanden wir es da aber nicht. Also fuhren wir auf dem Highway 98 weiter westw\u00e4rts. Zuerst bis Eastpoint, dann bis Apalachicola, Port St Joe, Mexico Beach, Panama City bis wir schliesslich in Panama City Beach ankamen.<br \/>\nDieser Highway geht sehr oft direkt an der K\u00fcste entlang und es ist herrlich dort zu fahren. Allerdings sieht die Gegend von Carabelle bis etwa Port St Joe echt \u00fcbel aus. Viele verfallene oder zumindest stark heruntergekommene H\u00e4user, beinahe an jedem dritten steht &#8222;for sale&#8220;. Sieht fast so aus als ob die meisten ehemaligen Bewohner die Gegend schon vor ein paar Jahren verlassen haben.<\/p>\n<p><img loading=\"lazy\" decoding=\"async\" class=\"aligncenter\" title=\"Beim Tanken in Carabelle\" src=\"https:\/\/www.all-for-all.de\/wp-content\/uploads\/2010\/08\/DSC00144_klein.jpg\" alt=\"\" width=\"640\" height=\"480\" \/><\/p>\n<p><img loading=\"lazy\" decoding=\"async\" class=\"aligncenter\" title=\"Highway 98\" src=\"https:\/\/www.all-for-all.de\/wp-content\/uploads\/2010\/08\/DSC00145_klein.jpg\" alt=\"\" width=\"640\" height=\"480\" \/><\/p>\n<p>Ein paar Meilen vor Panama City konnte man den t\u00e4glichen Platzregen schon erahnen. Direkt hinter der Stadtgrenze hat er uns dann auch erwischt.<\/p>\n<p><img loading=\"lazy\" decoding=\"async\" class=\"aligncenter\" title=\"Regenwolke\" src=\"https:\/\/www.all-for-all.de\/wp-content\/uploads\/2010\/08\/DSC00152_klein.jpg\" alt=\"\" width=\"640\" height=\"480\" \/><\/p>\n<p><img loading=\"lazy\" decoding=\"async\" class=\"aligncenter\" title=\"Panama City\" src=\"https:\/\/www.all-for-all.de\/wp-content\/uploads\/2010\/08\/DSC00161_klein.jpg\" alt=\"\" width=\"640\" height=\"480\" \/><\/p>\n<p><img loading=\"lazy\" decoding=\"async\" class=\"aligncenter\" title=\"Platzregen\" src=\"https:\/\/www.all-for-all.de\/wp-content\/uploads\/2010\/08\/DSC00158_klein.jpg\" alt=\"\" width=\"640\" height=\"480\" \/><\/p>\n<p>Der Regen war so heftig, dass der Verkehr zum Erliegen kann. Null Sicht. Wir haben die 15 Minuten auf einem Parkplatz ausgesessen.<\/p>\n<p><img loading=\"lazy\" decoding=\"async\" class=\"aligncenter\" title=\"Not-Stop\" src=\"https:\/\/www.all-for-all.de\/wp-content\/uploads\/2010\/08\/DSC00155_klein.jpg\" alt=\"\" width=\"640\" height=\"480\" \/><\/p>\n<p>Irgendwoher hatten wir ein Roomsaver Coupon Heft. Das einzige Hotel in diesem Heft in Panama City Beach war das &#8222;Sandpiper Beacon Beach Resort&#8220;. Das haben wir gleich angesteuert. Als wir dort ankamen war da die totale H\u00f6lle los. Verkehrs-Chaos am Checkin, Menschenschlangen, etc. Keine Ahnung ob es da etwas umsonst gab &#8230;<br \/>\nAuf jeden Fall haben wir dieses Hotel sofort einstimmig abgelehnt. Etwas weiter wieder zur\u00fcck auf der Front Beach Road lag das Hotel &#8222;The Palmetto Inn and Suites&#8220;. Auf der Leuchtreklame war zu lesen, dass es das neueste Front Beach Hotel in der Gegend ist. Alle Zimmer im Hauptgeb\u00e4ude sind Oceanfront Zimmer. Genau das was wir wollten.<br \/>\nAlso rein, mit wenig Hoffnung nach einem freien Zimmer gefragt &#8230; und eins im 4. Stock bekommen! Wir haben es uns freigehalten am n\u00e4chsten Tag um einen weiteren Tag zu verl\u00e4ngern.<br \/>\nRauf aufs Zimmer, Koffer abgestellt und raus auf den Balkon. Der Anblick hat uns f\u00fcr die lange Fahrt reichlich entsch\u00e4digt. Das Zimmer war wirklich sch\u00f6n und hatte sogar einen richtig gro\u00dfen K\u00fchlschrank in dem wir alles untergebracht haben. Man hat deutlich gemerkt, dass das Hotel neu ist.<\/p>\n<p><img loading=\"lazy\" decoding=\"async\" class=\"aligncenter\" title=\"Golf von Mexico\" src=\"https:\/\/www.all-for-all.de\/wp-content\/uploads\/2010\/08\/DSC00162_klein.jpg\" alt=\"\" width=\"640\" height=\"480\" \/><\/p>\n<p><img loading=\"lazy\" decoding=\"async\" class=\"aligncenter\" title=\"DSC00163_klein\" src=\"https:\/\/www.all-for-all.de\/wp-content\/uploads\/2010\/08\/DSC00163_klein.jpg\" alt=\"\" width=\"640\" height=\"480\" \/><\/p>\n<p><img loading=\"lazy\" decoding=\"async\" class=\"aligncenter\" title=\"Golf von Mexico\" src=\"https:\/\/www.all-for-all.de\/wp-content\/uploads\/2010\/08\/DSC00167_klein.jpg\" alt=\"\" width=\"640\" height=\"480\" \/><\/p>\n<p>Wir sind dann nochmals los und haben uns bei Subways dicke Sandwiches besorgt. 1-Foot, Italian, toasted, mit reichlich Beilagen. Danach direkt an den Strand gegangen. Wassertemperatur irgendwo jenseits der 30\u00b0C, wei\u00dfer Puderzuckersand und kaum Menschen&#8230; Wir konnten das leider nicht lange geniessen weil vom Inland her, hinter unserem Hotel, ein dickes Gewitter aufzog.<\/p>\n<p><img loading=\"lazy\" decoding=\"async\" class=\"aligncenter\" title=\"Gewitterfront\" src=\"https:\/\/www.all-for-all.de\/wp-content\/uploads\/2010\/08\/DSC00185_klein.jpg\" alt=\"\" width=\"640\" height=\"480\" \/><img loading=\"lazy\" decoding=\"async\" class=\"aligncenter\" title=\"The Palmetto Inn and Suites\" src=\"https:\/\/www.all-for-all.de\/wp-content\/uploads\/2010\/08\/DSC00179_klein.jpg\" alt=\"\" width=\"640\" height=\"480\" \/><\/p>\n<p>Den Tag haben wir mit gek\u00fchlten Getr\u00e4nken bei der Gewitter-Lightshow auf unserem Balkon ausklingen lassen.<\/p>\n<p>Keine Ahnung wann wir ins Bett gegangen sind. Sp\u00e4t war es sicher nicht. War wieder eine lange aber sch\u00f6ne Fahrt. Laut GPS-Logger sind wir in 10h und 7Min 623,31 km gefahren. Unglaublich &#8230;.\u00a0 \ud83d\ude09<\/p>\n<p><img loading=\"lazy\" decoding=\"async\" class=\"aligncenter\" title=\"Jacksonville - Panama City Beach\" src=\"https:\/\/www.all-for-all.de\/wp-content\/uploads\/2010\/08\/Panama-City-Beach.bmp\" alt=\"\" width=\"998\" height=\"533\" \/><\/p>\n<p>Viele Gr\u00fc\u00dfe<br \/>\nJoa<\/p>\n<p>Zur\u00fcck zu: <a title=\"31.07.2010, bye bye Miami, hello Jacksonville!\" href=\"https:\/\/www.all-for-all.de\/?page_id=1310\">31.07.2010, bye bye Miami, hello Jacksonville!<\/a><br \/>\nWeiter zu: <a title=\"02.08.2010, beach and shopping\" href=\"https:\/\/www.all-for-all.de\/?page_id=1316\">02.08.2010, beach and shopping<\/a><\/p>\n","protected":false},"excerpt":{"rendered":"<p>Trotz des herrlichen Betts wieder extrem fr\u00fch aufgewacht. Im Zimmerpreis war das Fr\u00fchst\u00fcck inbegriffen und das gab es ab 06:00 Uhr. Das Buffet war zwar fl\u00e4chenm\u00e4ssig klein, hatte aber alles was man sich w\u00fcnschen konnte. Lediglich der Orangensaft war irgendein &hellip; <a href=\"https:\/\/www.all-for-all.de\/?page_id=1313\">Weiterlesen <span class=\"meta-nav\">&rarr;<\/span><\/a><\/p>\n","protected":false},"author":2,"featured_media":0,"parent":0,"menu_order":0,"comment_status":"closed","ping_status":"closed","template":"","meta":{"footnotes":""},"class_list":["post-1313","page","type-page","status-publish","hentry"],"jetpack_sharing_enabled":true,"_links":{"self":[{"href":"https:\/\/www.all-for-all.de\/index.php?rest_route=\/wp\/v2\/pages\/1313","targetHints":{"allow":["GET"]}}],"collection":[{"href":"https:\/\/www.all-for-all.de\/index.php?rest_route=\/wp\/v2\/pages"}],"about":[{"href":"https:\/\/www.all-for-all.de\/index.php?rest_route=\/wp\/v2\/types\/page"}],"author":[{"embeddable":true,"href":"https:\/\/www.all-for-all.de\/index.php?rest_route=\/wp\/v2\/users\/2"}],"replies":[{"embeddable":true,"href":"https:\/\/www.all-for-all.de\/index.php?rest_route=%2Fwp%2Fv2%2Fcomments&post=1313"}],"version-history":[{"count":1,"href":"https:\/\/www.all-for-all.de\/index.php?rest_route=\/wp\/v2\/pages\/1313\/revisions"}],"predecessor-version":[{"id":5008,"href":"https:\/\/www.all-for-all.de\/index.php?rest_route=\/wp\/v2\/pages\/1313\/revisions\/5008"}],"wp:attachment":[{"href":"https:\/\/www.all-for-all.de\/index.php?rest_route=%2Fwp%2Fv2%2Fmedia&parent=1313"}],"curies":[{"name":"wp","href":"https:\/\/api.w.org\/{rel}","templated":true}]}}