{"id":1310,"date":"2010-07-31T23:59:33","date_gmt":"2010-07-31T23:59:33","guid":{"rendered":"http:\/\/www.all-for-all.de\/?page_id=1310"},"modified":"2021-09-16T11:59:12","modified_gmt":"2021-09-16T10:59:12","slug":"31-07-2010-bye-bye-miami","status":"publish","type":"page","link":"https:\/\/www.all-for-all.de\/?page_id=1310","title":{"rendered":"31.07.2010, bye bye Miami, hello Jacksonville!"},"content":{"rendered":"<p>Um 05:00\u00a0Uhr morgens aufgewacht, hellwach.<br \/>\nWir haben gar nicht mehr versucht nochmals einzuschlafen.<br \/>\nGanz gem\u00fctlich unsere Sachen gepackt und vermutlich zum letzten Mal in diesem Urlaub den Sonnenaufgang in Miami Beach bewundert.<br \/>\nBereits gegen 07:30 Uhr haben wir aus dem Hotel ausgecheckt und sind zu Dennys (mal wieder) fr\u00fchst\u00fccken gefahren. Unsere Wahl fiel auf Kaffee, Waffeln mit Ahornsirup, Eier, Speck, white Toast und Marmelade. Leckere Sache!<br \/>\nWir hatten kein festes Reiseziel. Klar war nur, dass wir an der Atlantikk\u00fcste entlang nach Norden fahren werden. Wie weit die Reise geht wollten wir unterwegs entscheiden.<br \/>\nWir fuhren von Miami Beach \u00fcber Fort Lauderdale, Boca Raton, Palm Beach, Jupiter bis Fort Pierce immer abwechselnd auf der K\u00fcstenstrasse SR A1A oder auf dem Highway 1. Die Strecke ist toll aber man kommt nicht wirklich vorw\u00e4rts. Man f\u00e4hrt dabei eigentlich permanent entlang bekannter Badestr\u00e4nde. Die Geschwindigkeitsbegrenzung liegt oftmals bei nur 25 Meilen\/h, was ca. 40km\/h entspricht. Deswegen und weil wir immer wieder angehalten haben um uns umzusehen, war es auch bereits etwa 15:00 Uhr als wir Fort Pierce erreicht hatten.<br \/>\nDort haben wir unser sp\u00e4tes Mittagessen zu uns genommen. Man mag es kaum glauben &#8230; pl\u00f6tzlich war da ein Dennys. \ud83d\ude00\u00a0 Wir haben f\u00fcr die Weiterfahrt zur St\u00e4rkung einen sch\u00f6nen Burger gebraucht.<img loading=\"lazy\" decoding=\"async\" class=\"aligncenter\" title=\"Fort Lauderdale Beach\" src=\"https:\/\/www.all-for-all.de\/wp-content\/uploads\/2010\/08\/DSC00057_klein1.jpg\" alt=\"\" width=\"640\" height=\"480\" \/><\/p>\n<p><img loading=\"lazy\" decoding=\"async\" class=\"aligncenter\" title=\"SR A1A\" src=\"https:\/\/www.all-for-all.de\/wp-content\/uploads\/2010\/08\/DSC00060_klein.jpg\" alt=\"\" width=\"640\" height=\"480\" \/><img loading=\"lazy\" decoding=\"async\" class=\"aligncenter\" title=\"Boca Raton Downtown\" src=\"https:\/\/www.all-for-all.de\/wp-content\/uploads\/2010\/08\/DSC00063_klein.jpg\" alt=\"\" width=\"640\" height=\"480\" \/><\/p>\n<p><img loading=\"lazy\" decoding=\"async\" class=\"aligncenter\" title=\"Palm Beach\" src=\"https:\/\/www.all-for-all.de\/wp-content\/uploads\/2010\/08\/DSC00068_klein1.jpg\" alt=\"\" width=\"640\" height=\"480\" \/><\/p>\n<p><img loading=\"lazy\" decoding=\"async\" class=\"aligncenter\" title=\"Palm Beach Denkmal\" src=\"https:\/\/www.all-for-all.de\/wp-content\/uploads\/2010\/08\/DSC00070_klein.jpg\" alt=\"\" width=\"640\" height=\"480\" \/><\/p>\n<p>Zur\u00fcck im Auto wurde der gute alte Stra\u00dfenatlas rausgeholt. Der Tag war so oder so als reiner &#8222;Fahrtag&#8220; geplant. Und da es eigentlich erst Nachmittag\u00a0 war, beschlossen wir wenigstens heute noch bis Daytona zu kommen. Das jedoch war nur \u00fcber den Interstate m\u00f6glich. Also rauf auf den Interstate I95, Tempomat bei knapp 80 Meilen\/h eingelegt und Strecke gemacht. Erlaubt sind dort lediglich 70 Meilen\/h (ca. 115km\/h), jedoch ziehen dann links und rechts sogar die dicken Trucks vorbei.<\/p>\n<p>Mit der &#8222;Raserei&#8220; war es dann bald vorbei. Das t\u00e4gliche Nachmittagsgewitter zog auf und man konnte gerade noch 40 Meilen\/h halten. Die Sicht lies nicht mehr zu.<br \/>\nDas sch\u00f6ne hier ist: Der Spuk ist meist nach sp\u00e4testens 30 Minuten vorbei. \ud83d\ude09<\/p>\n<p><img loading=\"lazy\" decoding=\"async\" class=\"aligncenter\" title=\"aufziehendes Gewitter\" src=\"https:\/\/www.all-for-all.de\/wp-content\/uploads\/2010\/08\/DSC00081_klein.jpg\" alt=\"\" width=\"640\" height=\"480\" \/><\/p>\n<p><img loading=\"lazy\" decoding=\"async\" class=\"aligncenter\" title=\"Gewitterregen\" src=\"https:\/\/www.all-for-all.de\/wp-content\/uploads\/2010\/08\/DSC00073_klein.jpg\" alt=\"\" width=\"640\" height=\"480\" \/><\/p>\n<p><img loading=\"lazy\" decoding=\"async\" class=\"aligncenter\" title=\"langsam fahren!\" src=\"https:\/\/www.all-for-all.de\/wp-content\/uploads\/2010\/08\/DSC00075_klein.jpg\" alt=\"\" width=\"640\" height=\"480\" \/><\/p>\n<p><img loading=\"lazy\" decoding=\"async\" class=\"aligncenter\" title=\"here comes the sun...\" src=\"https:\/\/www.all-for-all.de\/wp-content\/uploads\/2010\/08\/DSC00082_klein.jpg\" alt=\"\" width=\"640\" height=\"480\" \/><\/p>\n<p>In H\u00f6he Daytona wollten wir dann noch immer nicht die Nacht verbringen. Wir beschlossen noch ein St\u00fcck zu fahren. So ging es dann immer weiter bis wir uns entschlossen haben gleich bis Jacksonville zu fahren. Das war zwar erst f\u00fcr den n\u00e4chsten Tag geplant aber so haben wir uns einen ganzen Tag f\u00fcr den Golf von Mexico gespart.<\/p>\n<p>Also weiter. Abends gegen 20:00 Uhr kamen wir in &#8222;Jax&#8220; an. D\u00e4mlicherweise haben wir nicht daran gedacht, dass Samstag ist. Wir bekamen nirgendwo direkt an der Beachroad ein Zimmer. Da war alles ausgebucht.<br \/>\nJedes Mal wenn ich an einem Hotel oder an einem Motel aus dem Auto ausgestiegen bin um nach einem freien Zimmer zu fragen, hat mich fast der Schlag getroffen. In Jacksonville hat man beinahe Wasser geatmet. Die Luftfeuchtigkeit betrug an diesem fr\u00fchen Abend 95%.<br \/>\nWenn wir schon kein Oceanfront Zimmer kriegen k\u00f6nnen, dann wollen wir zum Ausgleich wenigstens ein bisschen nobel wohnen. Also haben wir im Hampton Inn, ca. 4 km abseits des Strands eingecheckt. Wirklich super Zimmer und die amerikanischen Betten dort sind bekannt. Wenn diese Dinger bei uns in Deutschland nicht so scheisse teuer w\u00e4ren, dann h\u00e4tte ich l\u00e4ngst eins. Die nennen sich &#8222;boxspring bed&#8220; und man schl\u00e4ft wie auf einer Wolke. Ausserdem sind diese Betten ca. 60cm hoch. Man muss sich morgens nicht hochraffen, sondern man kann sch\u00f6n aus dem Bett auf seine F\u00fc\u00dfe rutschen. Keine Ahnung, warum sich bei uns der Dreck mit Lattenrost und d\u00fcnner Matratze durchgesetzt hat. So ein Bett ist in Deutschland ab ca. 2500,-\u20ac zu bekommen. Aber das nur am Rande &#8230;\u00a0 \ud83d\ude42<\/p>\n<p><img loading=\"lazy\" decoding=\"async\" class=\"aligncenter\" title=\"Hampton Inn Jacksonville (Jax)\" src=\"https:\/\/www.all-for-all.de\/wp-content\/uploads\/2010\/08\/DSC00090_klein.jpg\" alt=\"\" width=\"640\" height=\"480\" \/><\/p>\n<p>Jetzt waren wir recht erledigt von der nun doch langen Fahrt. Daher haben wir uns nur noch schnell bei Mc Donalds mit Futter eingedeckt und sind gegen 22:00 Uhr schlafen gegangen. Laut dem GPS-Logger haben wir eine Gesamtstrecke von 579,53km gefahren. Das ist eigentlich gar nicht so viel aber wir haben daf\u00fcr den ganzen Tag gebraucht. \ud83d\ude09<\/p>\n<p><img loading=\"lazy\" decoding=\"async\" class=\"aligncenter\" title=\"Miami - Jacksonville\" src=\"https:\/\/www.all-for-all.de\/wp-content\/uploads\/2010\/08\/Jacksonville.bmp\" alt=\"\" width=\"998\" height=\"543\" \/><\/p>\n<p>Viele Gr\u00fc\u00dfe<br \/>\nJoa<\/p>\n<p>Zur\u00fcck zu: <a title=\"30.07.2010, der erste echte Urlaubstag\" href=\"https:\/\/www.all-for-all.de\/?page_id=1307\">30.07.2010, der erste echte Urlaubstag<\/a><br \/>\nWeiter zu: <a title=\"01.08.2010, vom Atlantik an den Golf von Mexico\" href=\"https:\/\/www.all-for-all.de\/?page_id=1313\">01.08.2010, vom Atlantik an den Golf von Mexico<\/a><\/p>\n","protected":false},"excerpt":{"rendered":"<p>Um 05:00\u00a0Uhr morgens aufgewacht, hellwach. Wir haben gar nicht mehr versucht nochmals einzuschlafen. Ganz gem\u00fctlich unsere Sachen gepackt und vermutlich zum letzten Mal in diesem Urlaub den Sonnenaufgang in Miami Beach bewundert. Bereits gegen 07:30 Uhr haben wir aus dem &hellip; <a href=\"https:\/\/www.all-for-all.de\/?page_id=1310\">Weiterlesen <span class=\"meta-nav\">&rarr;<\/span><\/a><\/p>\n","protected":false},"author":2,"featured_media":0,"parent":0,"menu_order":0,"comment_status":"closed","ping_status":"closed","template":"","meta":{"footnotes":""},"class_list":["post-1310","page","type-page","status-publish","hentry"],"jetpack_sharing_enabled":true,"_links":{"self":[{"href":"https:\/\/www.all-for-all.de\/index.php?rest_route=\/wp\/v2\/pages\/1310","targetHints":{"allow":["GET"]}}],"collection":[{"href":"https:\/\/www.all-for-all.de\/index.php?rest_route=\/wp\/v2\/pages"}],"about":[{"href":"https:\/\/www.all-for-all.de\/index.php?rest_route=\/wp\/v2\/types\/page"}],"author":[{"embeddable":true,"href":"https:\/\/www.all-for-all.de\/index.php?rest_route=\/wp\/v2\/users\/2"}],"replies":[{"embeddable":true,"href":"https:\/\/www.all-for-all.de\/index.php?rest_route=%2Fwp%2Fv2%2Fcomments&post=1310"}],"version-history":[{"count":1,"href":"https:\/\/www.all-for-all.de\/index.php?rest_route=\/wp\/v2\/pages\/1310\/revisions"}],"predecessor-version":[{"id":5007,"href":"https:\/\/www.all-for-all.de\/index.php?rest_route=\/wp\/v2\/pages\/1310\/revisions\/5007"}],"wp:attachment":[{"href":"https:\/\/www.all-for-all.de\/index.php?rest_route=%2Fwp%2Fv2%2Fmedia&parent=1310"}],"curies":[{"name":"wp","href":"https:\/\/api.w.org\/{rel}","templated":true}]}}