{"id":1307,"date":"2010-07-30T23:59:40","date_gmt":"2010-07-30T23:59:40","guid":{"rendered":"http:\/\/www.all-for-all.de\/?page_id=1307"},"modified":"2021-09-16T11:58:31","modified_gmt":"2021-09-16T10:58:31","slug":"30-07-2010-der-erste-echte-urlaubstag","status":"publish","type":"page","link":"https:\/\/www.all-for-all.de\/?page_id=1307","title":{"rendered":"30.07.2010, der erste echte Urlaubstag"},"content":{"rendered":"<p>Nachts um 03:00 Uhr aufgewacht. Die Zeitumstellung ist hart.<br \/>\nViel zu heiss im Zimmer. Wir haben die Klimaanlage nicht eingeschaltet und die Balkont\u00fcr offen gelassen. Wir wollten das Meer rauschen h\u00f6ren und ausserdem nicht gleich in der ersten Nacht eine Erk\u00e4ltung durch die Klimaanlage bekommen. Das mit der offenen Balkont\u00fcre haben wir uns aber erst getraut, nachdem wir am Vorabend nirgendwo M\u00fccken entdecken konnten. \ud83d\ude09<br \/>\nAuf den Balkon gesetzt, eine geraucht &#8230; ziemlich still draussen. Man h\u00f6rte nur ein paar Grillen oder Zikaden, die Klimaanlagen der anderen Zimmer (ungew\u00f6hnlich leise) und den Atlantik. Der Verkehr der quirligen, hinter uns liegenden Collins Avenue war \u00fcberhaupt nicht zu h\u00f6ren.<br \/>\nBalkont\u00fcre zu, Klimanlage auf &#8222;low&#8220; gestellt und nochmals ins Bett. Knapp drei Stunden mehr oder weniger erfolglos versucht wieder einzuschlafen und um 06:00 Uhr aufgegeben.<br \/>\nWir haben dann mit viel pulp unseren ersten Sonnenaufgang im Urlaub bewundert.<br \/>\n<img loading=\"lazy\" decoding=\"async\" class=\"aligncenter\" title=\"Sonnenaufgang Atlantik, Miami\" src=\"https:\/\/www.all-for-all.de\/wp-content\/uploads\/2010\/08\/DSC00050_klein.jpg\" alt=\"\" width=\"640\" height=\"480\" \/><\/p>\n<p><img loading=\"lazy\" decoding=\"async\" class=\"aligncenter\" title=\"Sonnenaufgang Atlantik, Miami\" src=\"https:\/\/www.all-for-all.de\/wp-content\/uploads\/2010\/08\/DSC00052_klein.jpg\" alt=\"\" width=\"640\" height=\"480\" \/><\/p>\n<p><img loading=\"lazy\" decoding=\"async\" class=\"aligncenter\" title=\"Sonnenaufgang Atlantik, Miami\" src=\"https:\/\/www.all-for-all.de\/wp-content\/uploads\/2010\/08\/DSC00054_klein.jpg\" alt=\"\" width=\"640\" height=\"480\" \/><\/p>\n<p>Das anschliessende Fr\u00fchst\u00fcck haben wir im Hotel zu uns genommen. Sch\u00f6n mit Kaffee, French Toast, Eiern (sunnyside up), Speck und Sausages. Direkt danach haben wir uns bei Starbucks wieder mit einem Caramel Macchiato versorgt und sind dann ziellos durch Miami und Miami Beach gefahren. Yachthafen, Ocean Drive, Miami Downtown, etc. und haben am Ende rein spasseshalber noch einen Abstecher bis runter nach Florida City eingebaut. Dort haben wir vor neun Jahren auf unserer Fahrt auf die Florida Keys in einem Comfort Inn gewohnt. 1992 ist \u00fcber Florida City und Homestead der Hurricane Andrew mit voller Kraft dr\u00fcber und hat beide St\u00e4dte eingeebnet. Andrew hatte die Kategorie 5 und ist bislang der drittst\u00e4rkste Hurricane der auf Land getroffen ist. Als wir 2001 dort waren, war dies also im Grunde genommen eine 9 Jahre alte, neue Stadt.<br \/>\nJetzt nochmals neun Jahre sp\u00e4ter hat sich wieder viel getan. Das Comfort Inn ist zwar noch da, aber nicht weit weg stehen jetzt ein Walmart Supercenter und eine gro\u00dfe Outlet Mall. Einige neue gated Communities haben wir auch entdeckt.<br \/>\nAn &#8222;unserem&#8220; Comfort Inn haben wir gewendet und sind zur\u00fcck zum Hotel nach Miami Beach gefahren.<br \/>\nIrgendwo auf unserem R\u00fcckweg haben wir dann auch tats\u00e4chlich eine K\u00fchlbox bekommen. \ud83d\ude09<br \/>\n<img loading=\"lazy\" decoding=\"async\" class=\"aligncenter\" title=\"R\u00fcckfahrt nach Miami\" src=\"https:\/\/www.all-for-all.de\/wp-content\/uploads\/2010\/07\/DSC00032_klein.jpg\" alt=\"\" width=\"640\" height=\"480\" \/><\/p>\n<p>Strand und Meer waren angesagt.<br \/>\nF\u00fcr die Liegest\u00fchle muss man normalerweise etwas bezahlen. Da es aber bereits sp\u00e4ter Nachmittag war, wollte niemand etwas von uns. Handt\u00fccher auf die Liege und ab ins Meer. Bei 30\u00b0C Wassertemperatur muss man sich nicht lange anfeuchten und vorsichtig ins Wasser gehen. Anlauf und rein! Herrlich &#8230; \ud83d\ude09<\/p>\n<p>Nach dem Duschen und Umziehen sind wir f\u00fcrs Abendessen wieder zu Dennys gefahren. Diese Mal wurde es ein Western Burger. Wiederum eine gute Wahl!<\/p>\n<p>Zum Tagesabschlu\u00df sind wir noch ein wenig neidisch durch die nobleren Gegenden in Miami Beach gefahren. Da stehen ganz und gar unfassbare Villen deren Ausma\u00df man oft nur erahnen kann.<br \/>\nW\u00e4hrenddessen haben wir den ersten floridianischen Regenschauer des Urlaubs erlebt. Kurz und heftig \ud83d\ude42<br \/>\n<img loading=\"lazy\" decoding=\"async\" class=\"aligncenter\" title=\"Gewitterwolke\" src=\"https:\/\/www.all-for-all.de\/wp-content\/uploads\/2010\/07\/DSC00034_klein.jpg\" alt=\"\" width=\"640\" height=\"480\" \/><\/p>\n<p>Bettruhe war gegen 22:00 Uhr angesagt.<\/p>\n<p>Viele Gr\u00fc\u00dfe<br \/>\nJoa<\/p>\n<p>P.S.: Irgendwie haben wir an diesem Tag kaum Bilder gemacht. Deswegen ist das hier recht mager. Das meiste ist auf der Videokamera. \ud83d\ude09<\/p>\n<p>Zur\u00fcck zu: <a title=\"29.07.2010, Anreisetag\" href=\"https:\/\/www.all-for-all.de\/?page_id=1301\">29.07.2010, Anreisetag<\/a><br \/>\nWeiter zu: <a title=\"31.07.2010, bye bye Miami, hello Jacksonville!\" href=\"https:\/\/www.all-for-all.de\/?page_id=1310\">31.07.2010, bye bye Miami, hello Jacksonville!<\/a><\/p>\n","protected":false},"excerpt":{"rendered":"<p>Nachts um 03:00 Uhr aufgewacht. Die Zeitumstellung ist hart. Viel zu heiss im Zimmer. Wir haben die Klimaanlage nicht eingeschaltet und die Balkont\u00fcr offen gelassen. Wir wollten das Meer rauschen h\u00f6ren und ausserdem nicht gleich in der ersten Nacht eine &hellip; <a href=\"https:\/\/www.all-for-all.de\/?page_id=1307\">Weiterlesen <span class=\"meta-nav\">&rarr;<\/span><\/a><\/p>\n","protected":false},"author":2,"featured_media":0,"parent":0,"menu_order":0,"comment_status":"closed","ping_status":"closed","template":"","meta":{"footnotes":""},"class_list":["post-1307","page","type-page","status-publish","hentry"],"jetpack_sharing_enabled":true,"_links":{"self":[{"href":"https:\/\/www.all-for-all.de\/index.php?rest_route=\/wp\/v2\/pages\/1307","targetHints":{"allow":["GET"]}}],"collection":[{"href":"https:\/\/www.all-for-all.de\/index.php?rest_route=\/wp\/v2\/pages"}],"about":[{"href":"https:\/\/www.all-for-all.de\/index.php?rest_route=\/wp\/v2\/types\/page"}],"author":[{"embeddable":true,"href":"https:\/\/www.all-for-all.de\/index.php?rest_route=\/wp\/v2\/users\/2"}],"replies":[{"embeddable":true,"href":"https:\/\/www.all-for-all.de\/index.php?rest_route=%2Fwp%2Fv2%2Fcomments&post=1307"}],"version-history":[{"count":1,"href":"https:\/\/www.all-for-all.de\/index.php?rest_route=\/wp\/v2\/pages\/1307\/revisions"}],"predecessor-version":[{"id":5006,"href":"https:\/\/www.all-for-all.de\/index.php?rest_route=\/wp\/v2\/pages\/1307\/revisions\/5006"}],"wp:attachment":[{"href":"https:\/\/www.all-for-all.de\/index.php?rest_route=%2Fwp%2Fv2%2Fmedia&parent=1307"}],"curies":[{"name":"wp","href":"https:\/\/api.w.org\/{rel}","templated":true}]}}