{"id":1297,"date":"2010-07-04T23:59:20","date_gmt":"2010-07-04T23:59:20","guid":{"rendered":"http:\/\/www.all-for-all.de\/?page_id=1297"},"modified":"2013-05-30T09:46:20","modified_gmt":"2013-05-30T09:46:20","slug":"vorplanung","status":"publish","type":"page","link":"https:\/\/www.all-for-all.de\/?page_id=1297","title":{"rendered":"Florida-Rundreise"},"content":{"rendered":"<p>Ein Urlaub will gut geplant sein. Insbesondere wenn es in die USA geht. \ud83d\ude09<\/p>\n<p>Wir haben bereits in den Jahren 2000, 2001, 2004 und 2009 unseren Urlaub in Florida verbracht. Im Jahr 2010 standen zwar erneut die USA in der engeren Auswahl, allerdings wieder zu viert mit unseren altbew\u00e4hrten USA-Reisegef\u00e4hrten Claudia &amp; Dresi.<br \/>Dummerweise haben wir unsere Urlaubstermine, wie schon letztes Jahr, nicht unter einen Hut bringen k\u00f6nnen. <br \/>Die beiden sind im Moment gerade &#8222;dr\u00fcben&#8220; auf einer vierw\u00f6chigen Rundreise mit dem Auto quer und diagonal durch den Westen. Stichwort &#8222;Meilenschinder&#8220; \ud83d\ude00<\/p>\n<p>Unsere endg\u00fcltige Entscheidung f\u00fcr diesen Urlaub fiel relativ sp\u00e4t. Daher war es nicht einfach w\u00e4hrend den Sommerferien in Deutschland noch Fl\u00fcge zu finden die erstens bezahlbar sind und zweitens maximal eine Zwischenlandung haben. Dann soll der Abflug von M\u00fcnchen sein, wir wollen nicht sp\u00e4t in der Nacht ankommen, wir wollen keine Zwischenlandung in den USA und diverse Airlines lehnen wir wegen schlechter Erfahrungen von Vornherein ab. Da wird die Auswahl verflucht klein &#8230; \ud83d\ude00<br \/>Schliesslich haben wir einen Direktflug von M\u00fcnchen nach Miami mit der Lufthansa ergattert.<\/p>\n<p>Gut die H\u00e4lfte des Urlaubs soll eine Rundreise mit dem PKW werden. Letztes Jahr haben wir \u00fcber die Mietwagenfirma Alamo die Klasse &#8222;Equinox&#8220; gebucht. Das entspricht bei anderen Anbietern der Klasse &#8222;Midsize SUV&#8220;. Alamo hat an ihren Abholstationen sogenannte &#8222;Choicelines&#8220;. Dort sind die Mietwagen nach ihren Kategorien sortiert und man kann sich ein Auto aus seiner gebuchten Kategorie ausw\u00e4hlen. Man legt am Schalter seinen Voucher vor, bekommt seinen Mietvertrag, sucht sich dann das Auto das einem gef\u00e4llt aus der gebuchten Kategorie aus, steigt ein und f\u00e4hrt los. Diese Choicelines haben nicht alle Anbieter. Bei den meisten bekommt man am Schalter einen bestimmten Wagen zugewiesen ohne den vorher gesehen zu haben.<br \/>&#8222;Equinox&#8220; ist f\u00fcr zwei Personen samt Gep\u00e4ck absolut ausreichend, daher haben wir uns wieder daf\u00fcr entschieden. Gebucht wurde inkl. dem gro\u00dfen Versicherungspaket \u00fcber FTI. Der Voucher ist bereits eingetroffen.<br \/><strong>Noch<\/strong> soll die Rundreise mit dem PKW von Miami \u00fcber Tallahassee bis Pensacola und danach an der Westk\u00fcste &#8222;runter&#8220; bis Cape Coral gehen. Dank dem BP-Malheur mit der Deepwater Horizon im Golf von Mexico werden wir das erst entscheiden wenn wir bereits in Florida sind.<\/p>\n<p>F\u00fcr die zweite Urlaubsh\u00e4lfte haben wir uns Ruhe und Erholung verordnet und wollen von einer &#8222;Basis&#8220; aus nur noch kleinere Tages- und Shoppingausfl\u00fcge machen. Wir haben uns wie im Jahr zuvor f\u00fcr eine Mietvilla in Cape Coral entschieden.<br \/>Die Auswahl an Mietvillen in Cape Coral ist enorm. Durch unsere bisherigen Anmietungen wissen wir mittlerweile auf was wir Wert legen und daher darauf achten m\u00fcssen. Dass das Haus vollklimatisiert sein muss sollte klar sein. Das Haus sollte in einer ruhigen Gegend liegen und eine gute Aussicht auf einen der vielen Kan\u00e4le, auf einen Lake oder auf den River haben. Der Masterbedroom sowie das Bad dazu sollten ihrem Namen gerecht werden. Ein ansprechender und gro\u00dfer Poolbereich mit S\u00fcd-Ost- oder S\u00fcd-West-Ausrichtung mit Cage\/Screen (gegen M\u00fccken) ist enorm wichtig. Wir wollen eine teilweise \u00fcberdachte Terrasse, einen sch\u00f6nen gro\u00dfen Pool, einen Whirlpool und ebenfalls wichtig: Gute Terrassenm\u00f6bel! (damit hatten wir schon Pech). Ein WiFi Internetzugang, ein outdoor Gasgrill sowie ein Bootssteg geh\u00f6ren ebenfalls dazu. Und schon wird die Auswahl wieder kleiner &#8230;\u00a0 \ud83d\ude09<br \/>Da der Mietpreis f\u00fcr 1 &#8211; 6 Personen gilt, ist bei der Anmiete mit nur zwei Personen der Preis\/Kopf f\u00fcr eine Villa eher teurer als ein Hotelaufenthalt. Aber die Privatsph\u00e4re und die Ruhe in einem eigenen Haus sind nicht mit Geld aufzuwiegen. Bei einer Anmiete mit vier Personen rechnet sich die Sache auf jeden Fall auch finanziell!<\/p>\n<p>F\u00fcr die Anfahrt zum Flughafen M\u00fcnchen ben\u00f6tigen wir noch einen Leihwagen. Alle gro\u00dfen Autovermieter in Deutschland bieten sogenannte Flughafenmieten an. Man holt das Fahrzeug am Tag vor dem Abflug beim Vermieter ab, f\u00e4hrt dann rechtzeitig und gem\u00fctlich zum Flughafen und gibt es dort einfach wieder ab. Man kann so seine Abreisezeit und seine Pausen selber bestimmen und ist nicht abh\u00e4ngig von Nahverkehrsmitteln die fahren wann sie wollen (falls sie \u00fcberhaupt fahren).<\/p>\n<p>Dann wollen noch dringend diverse Unterlagen und andere Dinge auf ihre G\u00fcltigkeit, bzw. auf ihr Vorhandensein \u00fcberpr\u00fcft werden.<br \/>&#8211; Reisepass (es werden nur noch die bordeauxroten akzeptiert. Reisep\u00e4sse die nach 2006 ausgestellt wurden m\u00fcssen obendrein biometrisch sein)<br \/>&#8211; Deutscher und internationaler F\u00fchrerschein (zum internat. F\u00fchrerschein behauptet jeder etwas anderes. Irgendwie wei\u00df keiner genau ob man den nun braucht oder nicht. Ein Nachteil ist es sicher nicht wenn man ihn hat. Der Schein ist drei Jahre g\u00fcltig und kostet 14,-\u20ac. Allerdings bekommt man diesen nur noch in Verbindung mit dem deutschen F\u00fchrerschein in Scheckkartenform. Falls man also noch einen grauen oder rosafarbenen Lappen hat, muss man zuerst den Scheckkartenf\u00fchrerschein beantragen. Auch die F\u00fchrerscheinstellen haben die Marktwirtschaft entdeckt. \ud83d\ude09\u00a0\u00a0 <br \/>&#8211; Kreditkarte (wichtigstes Zahlungsmittel)<br \/>&#8211; Bargeld in US-Dollar (f\u00fcr Trinkgelder, Stra\u00dfenmaut, etc)<br \/>&#8211; ESTA-Antrag (seit Januar 2009 ist es vorgeschrieben, dass man sich sp\u00e4testens 72h vor Einreise in die USA online anmeldet. Man muss auf der offiziellen ESTA-Seite diverse Angaben zur Person machen und bekommt dann sofort Bescheid ob die Einreise genehmigt ist oder nicht. Dies ist jedoch keine Garantie daf\u00fcr ob man dann auch tats\u00e4chlich ins Land kommt. Das entscheidet in letzter Instanz die Dame oder der Herr der US Immigration direkt nach der Landung \ud83d\ude09\u00a0<\/p>\n<p>Die Fl\u00fcge, der Mietwagen zum Flughafen, der Mietwagen in Florida und die Villa sind gebucht, die Best\u00e4tigungen, bzw die Voucher sind eingetroffen. Somit ist die Vorplanung eigentlich abgeschlossen. Wegen mir k\u00f6nnte es jetzt losgehen.<br \/>\ud83d\ude09<\/p>\n<p>Viele Gr\u00fc\u00dfe<br \/>Joa<\/p>\n<p>Weiter zu: <a title=\"29.07.2010, Anreisetag\" href=\"https:\/\/www.all-for-all.de\/?page_id=1301\">29.07.2010, Anreisetag<\/a><\/p>\n","protected":false},"excerpt":{"rendered":"<p>Ein Urlaub will gut geplant sein. Insbesondere wenn es in die USA geht. \ud83d\ude09 Wir haben bereits in den Jahren 2000, 2001, 2004 und 2009 unseren Urlaub in Florida verbracht. Im Jahr 2010 standen zwar erneut die USA in der &hellip; <a href=\"https:\/\/www.all-for-all.de\/?page_id=1297\">Weiterlesen <span class=\"meta-nav\">&rarr;<\/span><\/a><\/p>\n","protected":false},"author":2,"featured_media":0,"parent":0,"menu_order":0,"comment_status":"closed","ping_status":"closed","template":"","meta":{"footnotes":""},"class_list":["post-1297","page","type-page","status-publish","hentry"],"jetpack_sharing_enabled":true,"_links":{"self":[{"href":"https:\/\/www.all-for-all.de\/index.php?rest_route=\/wp\/v2\/pages\/1297","targetHints":{"allow":["GET"]}}],"collection":[{"href":"https:\/\/www.all-for-all.de\/index.php?rest_route=\/wp\/v2\/pages"}],"about":[{"href":"https:\/\/www.all-for-all.de\/index.php?rest_route=\/wp\/v2\/types\/page"}],"author":[{"embeddable":true,"href":"https:\/\/www.all-for-all.de\/index.php?rest_route=\/wp\/v2\/users\/2"}],"replies":[{"embeddable":true,"href":"https:\/\/www.all-for-all.de\/index.php?rest_route=%2Fwp%2Fv2%2Fcomments&post=1297"}],"version-history":[{"count":0,"href":"https:\/\/www.all-for-all.de\/index.php?rest_route=\/wp\/v2\/pages\/1297\/revisions"}],"wp:attachment":[{"href":"https:\/\/www.all-for-all.de\/index.php?rest_route=%2Fwp%2Fv2%2Fmedia&parent=1297"}],"curies":[{"name":"wp","href":"https:\/\/api.w.org\/{rel}","templated":true}]}}